{"id":1957,"date":"2023-12-06T23:04:53","date_gmt":"2023-12-06T23:04:53","guid":{"rendered":"https:\/\/bethecureprod.wpenginepowered.com\/accueil\/"},"modified":"2024-01-19T20:19:41","modified_gmt":"2024-01-19T20:19:41","slug":"home","status":"publish","type":"page","link":"https:\/\/bethecure.ca\/fr\/home\/","title":{"rendered":"ACCUEIL"},"content":{"rendered":"\n<section  class=\"section alignfull\" style=\" background: #F2C43E\">\n    <div class=\"container px-4 py-5\">\n        <div class=\"acf-innerblocks-container\">\n\n<h2 class=\"wp-block-heading has-text-align-center has-gray-dark-color has-text-color has-link-color wp-elements-148ddb2bb1bf371914a61f8fdf20819b\">Quelles sont les opportunit\u00e9s de recherche en sant\u00e9?<\/h2>\n\n\n\n<figure class=\"wp-block-embed aligncenter is-type-video is-provider-vimeo wp-block-embed-vimeo mx-auto wp-embed-aspect-16-9 wp-has-aspect-ratio\"><div class=\"wp-block-embed__wrapper\">\n<iframe loading=\"lazy\" title=\"What is Health Research?\" src=\"https:\/\/player.vimeo.com\/video\/901950400?dnt=1&amp;app_id=122963\" width=\"640\" height=\"360\" frameborder=\"0\" allow=\"autoplay; fullscreen; picture-in-picture; clipboard-write\"><\/iframe>\n<\/div><\/figure>\n\n\n\n<p class=\"has-text-align-left mx-auto has-gray-dark-color has-text-color has-link-color wp-elements-2899d1280c60479cd4df22a939bca8c7\">Les opportunit\u00e9s de recherche en sant\u00e9 pour les patients comprennent la participation \u00e0 des groupes de travail, \u00e0 des conseils et \u00e0 des comit\u00e9s directeurs en tant que partenaires de recherche. Vous pouvez m\u00eame jouer un r\u00f4le plus actif en co-dirigeant la recherche pour vous assurer que les r\u00e9sultats sont significatifs pour le public.<\/p>\n\n\n\n<p class=\"has-text-align-left mx-auto has-gray-dark-color has-text-color has-link-color wp-elements-ed5a76877940ec0165bb0809e1fcbcd2\">Votre voix compte. Utilisez votre exp\u00e9rience en tant que patient pour aider \u00e0 planifier, r\u00e9aliser, analyser et partager la recherche gr\u00e2ce \u00e0 l&rsquo;une des nombreuses opportunit\u00e9s dans votre r\u00e9gion.<\/p>\n\n\n\n<div class=\"wp-block-buttons is-content-justification-center is-layout-flex wp-container-core-buttons-is-layout-16018d1d wp-block-buttons-is-layout-flex\">\n<div class=\"wp-block-button is-style-secondary\"><a class=\"wp-block-button__link wp-element-button\" href=\"https:\/\/bethecureprod.wpenginepowered.com\/home\/research-opportunities\/\">En savoir plus<\/a><\/div>\n<\/div>\n\n<\/div>\n    <\/div>\n<\/section>\n<section  class=\"section alignfull\" style=\" background: #915186\">\n    <div class=\"container px-4 py-5\">\n        <div class=\"acf-innerblocks-container\">\n\n<h2 class=\"wp-block-heading has-text-align-center has-white-color has-text-color has-link-color wp-elements-682b2bfe192e24e30ec672f57ac5a1ea\">Qu&rsquo;est-ce que la recherche en sant\u00e9?<\/h2>\n\n\n<div class=\"wp-block-image\">\n<figure class=\"aligncenter size-full\"><img loading=\"lazy\" decoding=\"async\" width=\"120\" height=\"143\" src=\"https:\/\/bethecureprod.wpenginepowered.com\/wp-content\/uploads\/2023\/12\/handheart_icon.png\" alt=\"\" class=\"wp-image-1795\"\/><\/figure>\n<\/div>\n\n\n<p class=\"has-white-color has-text-color has-link-color wp-elements-f8cbd9500d3fceba42d7ce83aaf1ac64\">Les \u00e9tudes de recherche en sant\u00e9 comprennent des essais cliniques, des \u00e9tudes observationnelles et d&rsquo;autres types d&rsquo;\u00e9tudes de collecte de donn\u00e9es o\u00f9 les patients sont des sujets ou des participants. Ces \u00e9tudes explorent des questions et trouvent des r\u00e9ponses \u00e0 nos maladies et affections les plus pressantes.<\/p>\n\n\n\n<div class=\"wp-block-buttons is-content-justification-center is-layout-flex wp-container-core-buttons-is-layout-16018d1d wp-block-buttons-is-layout-flex\">\n<div class=\"wp-block-button is-style-fill\"><a class=\"wp-block-button__link wp-element-button\" href=\"https:\/\/bethecureprod.wpenginepowered.com\/home\/health-research-studies\/\">En savoir plus<\/a><\/div>\n<\/div>\n\n<\/div>\n    <\/div>\n<\/section>\n<div style=\"height:50px\" aria-hidden=\"true\" class=\"wp-block-spacer\"><\/div>\n\n<div class=\"wp-block-columns is-layout-flex wp-container-core-columns-is-layout-9d6595d7 wp-block-columns-is-layout-flex\">\n<div class=\"wp-block-column is-layout-flow wp-block-column-is-layout-flow\">\n<h2 class=\"wp-block-heading\" style=\"font-size:40px\">Qui peut participer?<\/h2>\n\n\n\n<p>La recherche en sant\u00e9 est un partenariat entre les chercheurs et les patients. Les patients peuvent aider \u00e0 am\u00e9liorer la recherche et le syst\u00e8me de soins de sant\u00e9 en partageant leurs histoires, exp\u00e9riences, perspectives, connaissances et comp\u00e9tences.<\/p>\n\n\n\n<p>Vous \u00eates consid\u00e9r\u00e9 comme un patient si vous avez une condition m\u00e9dicale, si vous avez une exp\u00e9rience personnelle du syst\u00e8me de soins de sant\u00e9, ou si vous \u00eates un membre de la famille, un aidant ou un ami de quelqu&rsquo;un qui l&rsquo;est.<\/p>\n<\/div>\n\n\n\n<div class=\"wp-block-column is-vertically-aligned-center is-layout-flow wp-block-column-is-layout-flow\"><div class=\"wp-block-image\">\n<figure class=\"aligncenter size-full\"><img loading=\"lazy\" decoding=\"async\" width=\"300\" height=\"166\" src=\"https:\/\/bethecureprod.wpenginepowered.com\/wp-content\/uploads\/2023\/12\/people_icon-300x166-1.png\" alt=\"\" class=\"wp-image-1812\"\/><\/figure>\n<\/div><\/div>\n<\/div>\n\n<section  class=\"section alignfull\" style=\" background: #f4ebe5\">\n    <div class=\"container px-4 py-5\">\n        <div class=\"acf-innerblocks-container\">\n\n<h2 class=\"wp-block-heading has-text-align-center\" style=\"font-size:40px\">COMMENT PUIS-JE PARTICIPER?<\/h2>\n\n\n\n<p>Il existe de nombreuses fa\u00e7ons de s&rsquo;impliquer dans la recherche en sant\u00e9. Explorez les opportunit\u00e9s pour fa\u00e7onner l&rsquo;avenir du Canada en mati\u00e8re de sant\u00e9, que ce soit en tant que partenaire de recherche ou participant \u00e0 la recherche. Vous pouvez \u00e9galement rester inform\u00e9 sur de nouvelles opportunit\u00e9s en lisant notre blog, en nous suivant sur les r\u00e9seaux sociaux, en vous inscrivant aux mises \u00e0 jour par e-mail ou en rejoignant un r\u00e9seau de sant\u00e9 local.<\/p>\n\n\n\n<p>Votre voix compte. Utilisez votre exp\u00e9rience en tant que patient pour aider \u00e0 planifier, r\u00e9aliser, analyser et partager la recherche gr\u00e2ce \u00e0 l&rsquo;une des nombreuses opportunit\u00e9s dans votre r\u00e9gion.<\/p>\n\n<\/div>\n    <\/div>\n<\/section>","protected":false},"excerpt":{"rendered":"<p>Qui peut participer? La recherche en sant\u00e9 est un partenariat entre les chercheurs et les patients. Les patients peuvent aider \u00e0 am\u00e9liorer la recherche et le syst\u00e8me de soins de sant\u00e9 en partageant leurs histoires, exp\u00e9riences, perspectives, connaissances et comp\u00e9tences. Vous \u00eates consid\u00e9r\u00e9 comme un patient si vous avez une condition m\u00e9dicale, si vous avez [&#8230;]<\/p>\n<p><a class=\"btn btn-secondary understrap-read-more-link\" href=\"https:\/\/bethecure.ca\/fr\/home\/\">Lire la suite\u2026<span class=\"screen-reader-text\"> from ACCUEIL<\/span><\/a><\/p>\n","protected":false},"author":1,"featured_media":0,"parent":0,"menu_order":0,"comment_status":"closed","ping_status":"closed","template":"","meta":{"footnotes":""},"class_list":["post-1957","page","type-page","status-publish","hentry"],"acf":[],"_links":{"self":[{"href":"https:\/\/bethecure.ca\/fr\/wp-json\/wp\/v2\/pages\/1957","targetHints":{"allow":["GET"]}}],"collection":[{"href":"https:\/\/bethecure.ca\/fr\/wp-json\/wp\/v2\/pages"}],"about":[{"href":"https:\/\/bethecure.ca\/fr\/wp-json\/wp\/v2\/types\/page"}],"author":[{"embeddable":true,"href":"https:\/\/bethecure.ca\/fr\/wp-json\/wp\/v2\/users\/1"}],"replies":[{"embeddable":true,"href":"https:\/\/bethecure.ca\/fr\/wp-json\/wp\/v2\/comments?post=1957"}],"version-history":[{"count":0,"href":"https:\/\/bethecure.ca\/fr\/wp-json\/wp\/v2\/pages\/1957\/revisions"}],"wp:attachment":[{"href":"https:\/\/bethecure.ca\/fr\/wp-json\/wp\/v2\/media?parent=1957"}],"curies":[{"name":"wp","href":"https:\/\/api.w.org\/{rel}","templated":true}]}}