{"id":1959,"date":"2023-12-19T20:57:59","date_gmt":"2023-12-19T20:57:59","guid":{"rendered":"https:\/\/bethecureprod.wpenginepowered.com\/accueil\/opportunites-de-recherche-en-sante\/"},"modified":"2024-01-09T18:54:04","modified_gmt":"2024-01-09T18:54:04","slug":"opportunites-de-recherche-en-sante","status":"publish","type":"page","link":"https:\/\/bethecure.ca\/fr\/home\/opportunites-de-recherche-en-sante\/","title":{"rendered":"Opportunit\u00e9s de recherche en sant\u00e9"},"content":{"rendered":"\n<h2 class=\"wp-block-heading\">OPPORTUNIT\u00c9S DE RECHERCHE<\/h2>\n\n<p>Explorez les diff\u00e9rents niveaux d&rsquo;engagement ci-dessous et d\u00e9couvrez comment vous pouvez participer.<\/p>\n\n<h3 class=\"wp-block-heading\">1. APPRENDRE<\/h3>\n\n<p>Commencez par assister \u00e0 une s\u00e9ance d&rsquo;orientation ou d&rsquo;information. Dans cet environnement ouvert, vous pouvez obtenir des r\u00e9ponses \u00e0 vos questions et d\u00e9couvrir comment participer. In this open setting, you can get answers to your questions and find out how to take part. <\/p>\n\n<h3 class=\"wp-block-heading\">2. PARTICIPER<\/h3>\n\n<p>Rejoignez une \u00e9tude de recherche en sant\u00e9 en tant que sujet ou participant. Ces \u00e9tudes comprennent des \u00e9tudes observationnelles, des \u00e9tudes interventionnelles et d&rsquo;autres types d&rsquo;\u00e9tudes de collecte de donn\u00e9es. <\/p>\n\n<h3 class=\"wp-block-heading\">3. CONSULTER<\/h3>\n\n<p>Partagez vos r\u00e9flexions sur des activit\u00e9s de recherche sp\u00e9cifiques en rejoignant des groupes de discussion, en participant \u00e0 des activit\u00e9s de d\u00e9finition des priorit\u00e9s, ou en agissant en tant que membre d&rsquo;un groupe de travail ou d&rsquo;un comit\u00e9 d&rsquo;experts.<\/p>\n\n<h3 class=\"wp-block-heading\">4. IMPLIQUER<\/h3>\n\n<p>Devenez un membre actif et engag\u00e9 d&rsquo;un groupe de travail permanent ou d&rsquo;un comit\u00e9 consultatif de recherche et travaillez directement avec une \u00e9quipe de recherche tout au long de son projet.<\/p>\n\n<h3 class=\"wp-block-heading\">5. COLLABORER<\/h3>\n\n<p>Fa\u00e7onnez la mani\u00e8re dont la recherche est men\u00e9e en agissant en tant que co-investigateur, en \u00e9tant un partenaire \u00e9gal avec un chercheur, ou en rejoignant un comit\u00e9 directeur de recherche.<\/p>\n\n<h3 class=\"wp-block-heading\">6. DIRIGER\/SOUTENIR<\/h3>\n\n<p>Soutenez et dirigez les activit\u00e9s de recherche en co-dirigeant des activit\u00e9s et des projets avec des chercheurs ou en rejoignant des comit\u00e9s directeurs de patients ou de communaut\u00e9s.<\/p>\n\n<h2 class=\"wp-block-heading has-text-align-center\">POURQUOI DEVRAIS-JE PARTICIPER ?<\/h2>\n\n<p>En tant que partenaire de recherche, vous pouvez utiliser vos histoires, vos exp\u00e9riences, votre expertise et vos connaissances pour aider les chercheurs \u00e0 d\u00e9cider de ce qu&rsquo;ils \u00e9tudient. Cela signifie que les r\u00e9sultats de la recherche sont plus pertinents pour les patients, les chercheurs, les administrateurs de soins de sant\u00e9 et les d\u00e9cideurs politiques. Ces r\u00e9sultats de recherche peuvent \u00e9galement am\u00e9liorer la coordination des soins dans le syst\u00e8me de soins de sant\u00e9.  <\/p>\n\n<p>Lorsque vous participez \u00e0 la recherche en sant\u00e9, cela change la mani\u00e8re dont vous interagissez avec notre syst\u00e8me de soins de sant\u00e9. Vous pouvez vous assurer que les chercheurs \u00e9tudient des probl\u00e8mes et des conditions qui sont significatifs pour vous. La participation vous permet d&rsquo;explorer quel peut et doit \u00eatre votre r\u00f4le en tant que patient, et elle vous aide \u00e0 devenir un d\u00e9fenseur de votre sant\u00e9 et de la sant\u00e9 de ceux qui vous tiennent \u00e0 c\u0153ur.  <\/p>\n\n<p><\/p>\n","protected":false},"excerpt":{"rendered":"<p>OPPORTUNIT\u00c9S DE RECHERCHE Explorez les diff\u00e9rents niveaux d&rsquo;engagement ci-dessous et d\u00e9couvrez comment vous pouvez participer. 1. APPRENDRE Commencez par assister \u00e0 une s\u00e9ance d&rsquo;orientation ou d&rsquo;information. Dans cet environnement ouvert, vous pouvez obtenir des r\u00e9ponses \u00e0 vos questions et d\u00e9couvrir comment participer. In this open setting, you can get answers to your questions and find [&#8230;]<\/p>\n<p><a class=\"btn btn-secondary understrap-read-more-link\" href=\"https:\/\/bethecure.ca\/fr\/home\/opportunites-de-recherche-en-sante\/\">Lire la suite\u2026<span class=\"screen-reader-text\"> from Opportunit\u00e9s de recherche en sant\u00e9<\/span><\/a><\/p>\n","protected":false},"author":2,"featured_media":0,"parent":1957,"menu_order":0,"comment_status":"closed","ping_status":"closed","template":"","meta":{"footnotes":""},"class_list":["post-1959","page","type-page","status-publish","hentry"],"acf":[],"_links":{"self":[{"href":"https:\/\/bethecure.ca\/fr\/wp-json\/wp\/v2\/pages\/1959","targetHints":{"allow":["GET"]}}],"collection":[{"href":"https:\/\/bethecure.ca\/fr\/wp-json\/wp\/v2\/pages"}],"about":[{"href":"https:\/\/bethecure.ca\/fr\/wp-json\/wp\/v2\/types\/page"}],"author":[{"embeddable":true,"href":"https:\/\/bethecure.ca\/fr\/wp-json\/wp\/v2\/users\/2"}],"replies":[{"embeddable":true,"href":"https:\/\/bethecure.ca\/fr\/wp-json\/wp\/v2\/comments?post=1959"}],"version-history":[{"count":0,"href":"https:\/\/bethecure.ca\/fr\/wp-json\/wp\/v2\/pages\/1959\/revisions"}],"up":[{"embeddable":true,"href":"https:\/\/bethecure.ca\/fr\/wp-json\/wp\/v2\/pages\/1957"}],"wp:attachment":[{"href":"https:\/\/bethecure.ca\/fr\/wp-json\/wp\/v2\/media?parent=1959"}],"curies":[{"name":"wp","href":"https:\/\/api.w.org\/{rel}","templated":true}]}}