{"id":1990,"date":"2024-01-08T01:32:42","date_gmt":"2024-01-08T01:32:42","guid":{"rendered":"https:\/\/bethecureprod.wpenginepowered.com\/home\/histoires\/"},"modified":"2024-01-31T19:56:57","modified_gmt":"2024-01-31T19:56:57","slug":"histoires","status":"publish","type":"page","link":"https:\/\/bethecure.ca\/fr\/home\/histoires\/","title":{"rendered":"Histoires"},"content":{"rendered":"\n<section  class=\"section\">\n    \n        <div class=\"row\">\n                <div class=\"col-12 col-md-6 my-5\">\n            <div class=\"text-center\">\n                                <a href=\"https:\/\/bethecure.ca\/fr\/story\/histoire-deborahs\/\">\n                    <img decoding=\"async\" class=\"default__image\"\n                        src=\"https:\/\/bethecure.ca\/wp-content\/themes\/bethecure\/img\/Image viewer-bro.svg\" \/>\n                <\/a>\n                \n            <\/div>\n            <div>\n                <h3>L&rsquo;histoire de Deborah<\/h3>\n                <p>L&rsquo;insuffisance cardiaque touche des millions de personnes. Cette maladie change la vie et affecte \u00e0 la fois la qualit\u00e9 et la quantit\u00e9 de vie. Son impact peut avoir une incidence profonde sur les choix individuels concernant les m\u00e9dicaments et les traitements \u00e0 prendre et la meilleure fa\u00e7on de se pr\u00e9parer \u00e0 l&rsquo;avenir. L&rsquo;insuffisance cardiaque affecte [&#8230;]<p><a class=\"btn btn-secondary understrap-read-more-link\" href=\"https:\/\/bethecure.ca\/fr\/story\/histoire-deborahs\/\">Lire la suite\u2026<span class=\"screen-reader-text\"> from L&rsquo;histoire de Deborah<\/span><\/a><\/p><\/p>\n            <\/div>\n\n\n        <\/div>\n                <div class=\"col-12 col-md-6 my-5\">\n            <div class=\"text-center\">\n                                <a href=\"https:\/\/bethecure.ca\/fr\/story\/clarices-story\/\">\n                    <img decoding=\"async\" class=\"default__image\"\n                        src=\"https:\/\/bethecure.ca\/wp-content\/themes\/bethecure\/img\/Image viewer-bro.svg\" \/>\n                <\/a>\n                \n            <\/div>\n            <div>\n                <h3>L&rsquo;histoire de Clarice<\/h3>\n                <p>Depuis pr\u00e8s de 20 ans, Clarice Chrisp vit avec une cholangite biliaire primitive (CBP), une maladie auto-immune rare du foie. Son manque constant d&rsquo;\u00e9nergie et sa fatigue inexpliqu\u00e9e ont consid\u00e9rablement affect\u00e9 sa vie, mais elle est rest\u00e9e engag\u00e9e et active en cherchant \u00e0 faire avancer la science derri\u00e8re la maladie. Ce d\u00e9sir de s&rsquo;impliquer l&rsquo;a [&#8230;]<p><a class=\"btn btn-secondary understrap-read-more-link\" href=\"https:\/\/bethecure.ca\/fr\/story\/clarices-story\/\">Lire la suite\u2026<span class=\"screen-reader-text\"> from L&rsquo;histoire de Clarice<\/span><\/a><\/p><\/p>\n            <\/div>\n\n\n        <\/div>\n                <div class=\"col-12 col-md-6 my-5\">\n            <div class=\"text-center\">\n                                <a href=\"https:\/\/bethecure.ca\/fr\/story\/histoire-de-rosalyns\/\">\n                    <img decoding=\"async\" class=\"default__image\"\n                        src=\"https:\/\/bethecure.ca\/wp-content\/themes\/bethecure\/img\/Image viewer-bro.svg\" \/>\n                <\/a>\n                \n            <\/div>\n            <div>\n                <h3>L&rsquo;histoire de Rosalyn<\/h3>\n                <p>Lorsque Colin Abernethy a appris que sa fille Rosalyn \u00e9tait atteinte du syndrome de l&rsquo;X fragile, il a \u00e9t\u00e9 soulag\u00e9. D\u00e8s son plus jeune \u00e2ge, Rosalyn a \u00e9prouv\u00e9 des difficult\u00e9s \u00e0 franchir certaines \u00e9tapes de son d\u00e9veloppement, et ce diagnostic a permis de trouver des solutions pour elle. Depuis lors, les Abernathys se sont fortement [&#8230;]<p><a class=\"btn btn-secondary understrap-read-more-link\" href=\"https:\/\/bethecure.ca\/fr\/story\/histoire-de-rosalyns\/\">Lire la suite\u2026<span class=\"screen-reader-text\"> from L&rsquo;histoire de Rosalyn<\/span><\/a><\/p><\/p>\n            <\/div>\n\n\n        <\/div>\n                <div class=\"col-12 col-md-6 my-5\">\n            <div class=\"text-center\">\n                                <a href=\"https:\/\/bethecure.ca\/fr\/story\/lhistoire-de-donnies\/\">\n                    <img decoding=\"async\" class=\"default__image\"\n                        src=\"https:\/\/bethecure.ca\/wp-content\/themes\/bethecure\/img\/Image viewer-bro.svg\" \/>\n                <\/a>\n                \n            <\/div>\n            <div>\n                <h3>L&rsquo;histoire de Donnie<\/h3>\n                <p>Le cancer est une maladie qui touche des millions de personnes dans le monde. Lorsque Donato Bernardo a appris qu&rsquo;il \u00e9tait atteint d&rsquo;un cancer, il a su qu&rsquo;il ne reculerait devant rien pour le combattre. Il a entam\u00e9 un combat de cinq ans qui l&rsquo;a amen\u00e9 \u00e0 subir tous les traitements connus du syst\u00e8me. Malgr\u00e9 [&#8230;]<p><a class=\"btn btn-secondary understrap-read-more-link\" href=\"https:\/\/bethecure.ca\/fr\/story\/lhistoire-de-donnies\/\">Lire la suite\u2026<span class=\"screen-reader-text\"> from L&rsquo;histoire de Donnie<\/span><\/a><\/p><\/p>\n            <\/div>\n\n\n        <\/div>\n                <div class=\"col-12 col-md-6 my-5\">\n            <div class=\"text-center\">\n                                <a href=\"https:\/\/bethecure.ca\/fr\/story\/histoire-de-kaylas\/\">\n                    <img decoding=\"async\" class=\"default__image\"\n                        src=\"https:\/\/bethecure.ca\/wp-content\/themes\/bethecure\/img\/Image viewer-bro.svg\" \/>\n                <\/a>\n                \n            <\/div>\n            <div>\n                <h3>L&rsquo;histoire de Kayla<\/h3>\n                <p>N\u00e9e avec une cardiopathie cong\u00e9nitale, Kayla Shaw Rosa a \u00e9t\u00e9 impliqu\u00e9e dans la recherche sur la sant\u00e9 d\u00e8s le premier jour. Travailler avec des patients comme Kayla permet au Dr Payhem Dehgani non seulement de mieux la soigner, mais aussi d&rsquo;en apprendre davantage sur cette maladie rare et sur la fa\u00e7on dont elle affecte les [&#8230;]<p><a class=\"btn btn-secondary understrap-read-more-link\" href=\"https:\/\/bethecure.ca\/fr\/story\/histoire-de-kaylas\/\">Lire la suite\u2026<span class=\"screen-reader-text\"> from L&rsquo;histoire de Kayla<\/span><\/a><\/p><\/p>\n            <\/div>\n\n\n        <\/div>\n                <div class=\"col-12 col-md-6 my-5\">\n            <div class=\"text-center\">\n                                <a href=\"https:\/\/bethecure.ca\/fr\/story\/paulss-story-m-chimaera-trial-2\/\">\n                    <img decoding=\"async\" class=\"default__image\"\n                        src=\"https:\/\/bethecure.ca\/wp-content\/themes\/bethecure\/img\/Image viewer-bro.svg\" \/>\n                <\/a>\n                \n            <\/div>\n            <div>\n                <h3>L&rsquo;histoire de Pauls : Proc\u00e8s de M. Chimaera<\/h3>\n                <p>Lorsque Paul Johnson s&rsquo;est fait op\u00e9rer du c\u0153ur en 2015, il savait qu&rsquo;il y avait des risques, mais il n&rsquo;aurait jamais pu pr\u00e9voir ce qui allait suivre. \u00c0 l&rsquo;insu de tous, Paul avait \u00e9t\u00e9 expos\u00e9 \u00e0 une bact\u00e9rie appel\u00e9e M. chimaera, qui commen\u00e7ait lentement \u00e0 se r\u00e9pandre dans son corps. La contamination a \u00e9t\u00e9 retrac\u00e9e [&#8230;]<p><a class=\"btn btn-secondary understrap-read-more-link\" href=\"https:\/\/bethecure.ca\/fr\/story\/paulss-story-m-chimaera-trial-2\/\">Lire la suite\u2026<span class=\"screen-reader-text\"> from L&rsquo;histoire de Pauls : Proc\u00e8s de M. Chimaera<\/span><\/a><\/p><\/p>\n            <\/div>\n\n\n        <\/div>\n                <div class=\"col-12 col-md-6 my-5\">\n            <div class=\"text-center\">\n                                <a href=\"https:\/\/bethecure.ca\/fr\/story\/dr-archambault\/\">\n                    <img decoding=\"async\" class=\"default__image\"\n                        src=\"https:\/\/bethecure.ca\/wp-content\/themes\/bethecure\/img\/Image viewer-bro.svg\" \/>\n                <\/a>\n                \n            <\/div>\n            <div>\n                <h3>Dr. Archambault<\/h3>\n                <p>Le Dr Patrick Archambault consid\u00e8re la recherche en m\u00e9decine comme le mariage parfait entre la science fondamentale et les sciences humaines. Enqu\u00eatant sur les troubles neurocognitifs comme la maladie d&rsquo;Alzheimer, ses travaux l&rsquo;ont amen\u00e9 \u00e0 collaborer avec des patients partenaires dans ce qu&rsquo;il appelle son Laboratoire vivant. Les exp\u00e9riences v\u00e9cues par des proches aidants comme [&#8230;]<p><a class=\"btn btn-secondary understrap-read-more-link\" href=\"https:\/\/bethecure.ca\/fr\/story\/dr-archambault\/\">Lire la suite\u2026<span class=\"screen-reader-text\"> from Dr. Archambault<\/span><\/a><\/p><\/p>\n            <\/div>\n\n\n        <\/div>\n                <div class=\"col-12 col-md-6 my-5\">\n            <div class=\"text-center\">\n                                <a href=\"https:\/\/bethecure.ca\/fr\/story\/recherche-essai-de-vaccin-contre-le-gaz\/\">\n                    <img decoding=\"async\" class=\"default__image\"\n                        src=\"https:\/\/bethecure.ca\/wp-content\/themes\/bethecure\/img\/Image viewer-bro.svg\" \/>\n                <\/a>\n                \n            <\/div>\n            <div>\n                <h3>Pleins feux sur la recherche : Essai de vaccin contre le gaz<\/h3>\n                <p>\u00ab\u00a0Cela fait des ann\u00e9es que nous nous pr\u00e9parons \u00e0 cela\u00a0\u00bb Le streptocoque du groupe A est une bact\u00e9rie responsable d&rsquo;environ 500 000 d\u00e9c\u00e8s chaque ann\u00e9e dans le monde. Particuli\u00e8rement fr\u00e9quent dans les populations autochtones du Canada et de l&rsquo;Australie, ce ph\u00e9nom\u00e8ne a donn\u00e9 lieu \u00e0 un effort commun entre les deux pays sous la forme [&#8230;]<p><a class=\"btn btn-secondary understrap-read-more-link\" href=\"https:\/\/bethecure.ca\/fr\/story\/recherche-essai-de-vaccin-contre-le-gaz\/\">Lire la suite\u2026<span class=\"screen-reader-text\"> from Pleins feux sur la recherche : Essai de vaccin contre le gaz<\/span><\/a><\/p><\/p>\n            <\/div>\n\n\n        <\/div>\n                <div class=\"col-12 col-md-6 my-5\">\n            <div class=\"text-center\">\n                                <a href=\"https:\/\/bethecure.ca\/fr\/story\/research-spotlight-digital-health-unit-launch\/\">\n                    <img decoding=\"async\" class=\"default__image\"\n                        src=\"https:\/\/bethecure.ca\/wp-content\/themes\/bethecure\/img\/Image viewer-bro.svg\" \/>\n                <\/a>\n                \n            <\/div>\n            <div>\n                <h3>Pleins feux sur la recherche : Lancement de l&rsquo;unit\u00e9 Sant\u00e9 num\u00e9rique<\/h3>\n                <p>\u00ab\u00a0Je serai peut-\u00eatre mort dans deux ans. Nous n&rsquo;en savons rien.\u00a0\u00bb Candy Marriott a commenc\u00e9 son parcours avec la fibrose pulmonaire idiopathique, d\u00e9couvrant la maladie par accident lors d&rsquo;un autre scanner. Son m\u00e9decin l&rsquo;a invit\u00e9e \u00e0 participer \u00e0 quelques essais cliniques pour l&rsquo;aider dans la progression de sa maladie. Les participants aux essais cliniques comme [&#8230;]<p><a class=\"btn btn-secondary understrap-read-more-link\" href=\"https:\/\/bethecure.ca\/fr\/story\/research-spotlight-digital-health-unit-launch\/\">Lire la suite\u2026<span class=\"screen-reader-text\"> from Pleins feux sur la recherche : Lancement de l&rsquo;unit\u00e9 Sant\u00e9 num\u00e9rique<\/span><\/a><\/p><\/p>\n            <\/div>\n\n\n        <\/div>\n                <div class=\"col-12 col-md-6 my-5\">\n            <div class=\"text-center\">\n                                <a href=\"https:\/\/bethecure.ca\/fr\/story\/reaserch-spotlight-the-peak-team\/\">\n                    <img decoding=\"async\" class=\"default__image\"\n                        src=\"https:\/\/bethecure.ca\/wp-content\/themes\/bethecure\/img\/Image viewer-bro.svg\" \/>\n                <\/a>\n                \n            <\/div>\n            <div>\n                <h3>Pleins feux sur Reaserch : L&rsquo;\u00e9quipe Peak<\/h3>\n                <p>\u00ab\u00a0Les enfants, en particulier, ont tendance \u00e0 avoir moins de recherches sur les soins qui leur sont prodigu\u00e9s. PEAK est l&rsquo;acronyme de Pediatric Emergency Advancing Knowledge et fournit un soutien \u00e0 la recherche en mati\u00e8re de sant\u00e9 afin de d\u00e9terminer comment traiter les enfants qui arrivent aux urgences et dans d&rsquo;autres centres de soins m\u00e9dicaux. [&#8230;]<p><a class=\"btn btn-secondary understrap-read-more-link\" href=\"https:\/\/bethecure.ca\/fr\/story\/reaserch-spotlight-the-peak-team\/\">Lire la suite\u2026<span class=\"screen-reader-text\"> from Pleins feux sur Reaserch : L&rsquo;\u00e9quipe Peak<\/span><\/a><\/p><\/p>\n            <\/div>\n\n\n        <\/div>\n            <\/div>\n    <span aria-current=\"page\" class=\"page-numbers current\">1<\/span>\n<a class=\"page-numbers\" href=\"https:\/\/bethecure.ca\/fr\/wp-json\/wp\/v2\/pages\/1990\/page\/2\/\">2<\/a>\n<a class=\"page-numbers\" href=\"https:\/\/bethecure.ca\/fr\/wp-json\/wp\/v2\/pages\/1990\/page\/3\/\">3<\/a>\n<a class=\"next page-numbers\" href=\"https:\/\/bethecure.ca\/fr\/wp-json\/wp\/v2\/pages\/1990\/page\/2\/\">Suivant\u00a0\u00bb<\/a>    \n<\/section>","protected":false},"excerpt":{"rendered":"<p> [&#8230;]<\/p>\n<p><a class=\"btn btn-secondary understrap-read-more-link\" href=\"https:\/\/bethecure.ca\/fr\/home\/histoires\/\">Lire la suite\u2026<span class=\"screen-reader-text\"> from Histoires<\/span><\/a><\/p>\n","protected":false},"author":2,"featured_media":0,"parent":1957,"menu_order":0,"comment_status":"closed","ping_status":"closed","template":"","meta":{"footnotes":""},"class_list":["post-1990","page","type-page","status-publish","hentry"],"acf":[],"_links":{"self":[{"href":"https:\/\/bethecure.ca\/fr\/wp-json\/wp\/v2\/pages\/1990","targetHints":{"allow":["GET"]}}],"collection":[{"href":"https:\/\/bethecure.ca\/fr\/wp-json\/wp\/v2\/pages"}],"about":[{"href":"https:\/\/bethecure.ca\/fr\/wp-json\/wp\/v2\/types\/page"}],"author":[{"embeddable":true,"href":"https:\/\/bethecure.ca\/fr\/wp-json\/wp\/v2\/users\/2"}],"replies":[{"embeddable":true,"href":"https:\/\/bethecure.ca\/fr\/wp-json\/wp\/v2\/comments?post=1990"}],"version-history":[{"count":0,"href":"https:\/\/bethecure.ca\/fr\/wp-json\/wp\/v2\/pages\/1990\/revisions"}],"up":[{"embeddable":true,"href":"https:\/\/bethecure.ca\/fr\/wp-json\/wp\/v2\/pages\/1957"}],"wp:attachment":[{"href":"https:\/\/bethecure.ca\/fr\/wp-json\/wp\/v2\/media?parent=1990"}],"curies":[{"name":"wp","href":"https:\/\/api.w.org\/{rel}","templated":true}]}}