{"id":2108,"date":"2024-01-08T02:29:38","date_gmt":"2024-01-08T02:29:38","guid":{"rendered":"https:\/\/bethecure.ca\/blog\/"},"modified":"2024-01-19T20:18:36","modified_gmt":"2024-01-19T20:18:36","slug":"blog","status":"publish","type":"page","link":"https:\/\/bethecure.ca\/fr\/ab\/blog\/","title":{"rendered":"Blog"},"content":{"rendered":"\n<section  class=\"section\">\n    \n        <div class=\"row\">\n                <div class=\"col-12 col-md-6 my-5\">\n            <div class=\"text-center\">\n                                <a href=\"https:\/\/bethecure.ca\/fr\/le-sommet-de-linnovation-en-matiere-de-recherche\/\">\n                    <img decoding=\"async\" class=\"default__image\"\n                        src=\"https:\/\/bethecure.ca\/wp-content\/themes\/bethecure\/img\/Image viewer-bro.svg\" \/>\n                <\/a>\n                \n            <\/div>\n            <div>\n                <h3>Le sommet de l&rsquo;innovation en mati\u00e8re de recherche<\/h3>\n                <p>PEAK est l&rsquo;acronyme de Pediatric Emergency Advancing Knowledge et fournit un soutien \u00e0 la recherche en mati\u00e8re de sant\u00e9 afin de d\u00e9terminer comment traiter les enfants qui arrivent aux urgences et dans d&rsquo;autres centres de soins m\u00e9dicaux. Les cliniciens qui s&rsquo;occupent d&rsquo;enfants malades ont constat\u00e9 que la recherche est un moyen d&rsquo;\u00e9tablir un lien positif [&#8230;]<p><a class=\"btn btn-secondary understrap-read-more-link\" href=\"https:\/\/bethecure.ca\/fr\/le-sommet-de-linnovation-en-matiere-de-recherche\/\">Lire la suite\u2026<span class=\"screen-reader-text\"> from Le sommet de l&rsquo;innovation en mati\u00e8re de recherche<\/span><\/a><\/p><\/p>\n            <\/div>\n\n\n        <\/div>\n                <div class=\"col-12 col-md-6 my-5\">\n            <div class=\"text-center\">\n                                <a href=\"https:\/\/bethecure.ca\/fr\/lancement-de-lunite-de-sante-numerique\/\">\n                    <img decoding=\"async\" class=\"default__image\"\n                        src=\"https:\/\/bethecure.ca\/wp-content\/themes\/bethecure\/img\/Image viewer-bro.svg\" \/>\n                <\/a>\n                \n            <\/div>\n            <div>\n                <h3>Lancement de l&rsquo;unit\u00e9 de sant\u00e9 num\u00e9rique<\/h3>\n                <p>\u00ab\u00a0Je serai peut-\u00eatre mort dans deux ans. Nous n&rsquo;en savons rien.\u00a0\u00bb Candy Marriott a commenc\u00e9 son parcours avec la fibrose pulmonaire idiopathique, d\u00e9couvrant la maladie par accident lors d&rsquo;un autre scanner. Son m\u00e9decin l&rsquo;a invit\u00e9e \u00e0 participer \u00e0 quelques essais cliniques pour l&rsquo;aider dans la progression de sa maladie. Les participants aux essais cliniques comme [&#8230;]<p><a class=\"btn btn-secondary understrap-read-more-link\" href=\"https:\/\/bethecure.ca\/fr\/lancement-de-lunite-de-sante-numerique\/\">Lire la suite\u2026<span class=\"screen-reader-text\"> from Lancement de l&rsquo;unit\u00e9 de sant\u00e9 num\u00e9rique<\/span><\/a><\/p><\/p>\n            <\/div>\n\n\n        <\/div>\n                <div class=\"col-12 col-md-6 my-5\">\n            <div class=\"text-center\">\n                                <a href=\"https:\/\/bethecure.ca\/fr\/pleins-feux-sur-la-recherche-essai-de-vaccin-contre-le-sga\/\">\n                    <img decoding=\"async\" class=\"default__image\"\n                        src=\"https:\/\/bethecure.ca\/wp-content\/themes\/bethecure\/img\/Image viewer-bro.svg\" \/>\n                <\/a>\n                \n            <\/div>\n            <div>\n                <h3>Pleins feux sur la recherche : Essai de vaccin contre le SGA<\/h3>\n                <p>Le streptocoque du groupe A est une bact\u00e9rie responsable d&rsquo;environ 500 000 d\u00e9c\u00e8s chaque ann\u00e9e dans le monde. Particuli\u00e8rement fr\u00e9quent dans les populations autochtones du Canada et de l&rsquo;Australie, ce ph\u00e9nom\u00e8ne a donn\u00e9 lieu \u00e0 un effort commun entre les deux pays sous la forme d&rsquo;un essai de vaccin contre le SGA dirig\u00e9 par le [&#8230;]<p><a class=\"btn btn-secondary understrap-read-more-link\" href=\"https:\/\/bethecure.ca\/fr\/pleins-feux-sur-la-recherche-essai-de-vaccin-contre-le-sga\/\">Lire la suite\u2026<span class=\"screen-reader-text\"> from Pleins feux sur la recherche : Essai de vaccin contre le SGA<\/span><\/a><\/p><\/p>\n            <\/div>\n\n\n        <\/div>\n                <div class=\"col-12 col-md-6 my-5\">\n            <div class=\"text-center\">\n                                <a href=\"https:\/\/bethecure.ca\/fr\/explorer-limpact-des-restrictions-de-visiteurs-covid-19-sur-les-soins-centres-sur-le-patient-et-la-famille-dans-les-usi-canadiennes\/\">\n                    <img decoding=\"async\" class=\"default__image\"\n                        src=\"https:\/\/bethecure.ca\/wp-content\/themes\/bethecure\/img\/Image viewer-bro.svg\" \/>\n                <\/a>\n                \n            <\/div>\n            <div>\n                <h3>EXPLORER L&rsquo;IMPACT DES RESTRICTIONS DE VISITEURS COVID-19 SUR LES SOINS CENTRES SUR LE PATIENT ET LA FAMILLE DANS LES USI CANADIENNES<\/h3>\n                <p>L&rsquo;Universit\u00e9 de la Saskatchewan m\u00e8ne une \u00e9tude pour comprendre l&rsquo;impact de la prise en charge d&rsquo;un membre de la famille dans une unit\u00e9 de soins intensifs (USI) au Canada pendant les restrictions de visites impos\u00e9es par le COVD-19. L&rsquo;\u00e9tude portera sur les effets globaux de l&rsquo;impossibilit\u00e9 d&rsquo;\u00eatre proche de ses proches pendant le s\u00e9jour en [&#8230;]<p><a class=\"btn btn-secondary understrap-read-more-link\" href=\"https:\/\/bethecure.ca\/fr\/explorer-limpact-des-restrictions-de-visiteurs-covid-19-sur-les-soins-centres-sur-le-patient-et-la-famille-dans-les-usi-canadiennes\/\">Lire la suite\u2026<span class=\"screen-reader-text\"> from EXPLORER L&rsquo;IMPACT DES RESTRICTIONS DE VISITEURS COVID-19 SUR LES SOINS CENTRES SUR LE PATIENT ET LA FAMILLE DANS LES USI CANADIENNES<\/span><\/a><\/p><\/p>\n            <\/div>\n\n\n        <\/div>\n                <div class=\"col-12 col-md-6 my-5\">\n            <div class=\"text-center\">\n                                <a href=\"https:\/\/bethecure.ca\/fr\/otcrx-et-covid-19\/\">\n                    <img decoding=\"async\" class=\"default__image\"\n                        src=\"https:\/\/bethecure.ca\/wp-content\/themes\/bethecure\/img\/Image viewer-bro.svg\" \/>\n                <\/a>\n                \n            <\/div>\n            <div>\n                <h3>OTCRx et COVID-19<\/h3>\n                <p>Les Albertains qui ont d\u00e9j\u00e0 \u00e9t\u00e9 test\u00e9s positifs au COVID-19 sont invit\u00e9s \u00e0 r\u00e9pondre \u00e0 une enqu\u00eate sur les m\u00e9dicaments en vente libre qu&rsquo;ils ont utilis\u00e9s. Les m\u00e9dicaments en vente libre sont souvent utilis\u00e9s pour lutter contre les sympt\u00f4mes de la toux et du rhume en cas de maladie. Certains de ces m\u00e9dicaments peuvent affecter [&#8230;]<p><a class=\"btn btn-secondary understrap-read-more-link\" href=\"https:\/\/bethecure.ca\/fr\/otcrx-et-covid-19\/\">Lire la suite\u2026<span class=\"screen-reader-text\"> from OTCRx et COVID-19<\/span><\/a><\/p><\/p>\n            <\/div>\n\n\n        <\/div>\n                <div class=\"col-12 col-md-6 my-5\">\n            <div class=\"text-center\">\n                                <a href=\"https:\/\/bethecure.ca\/fr\/covid-19-liens-sociaux-et-sante-mentale\/\">\n                    <img decoding=\"async\" class=\"default__image\"\n                        src=\"https:\/\/bethecure.ca\/wp-content\/themes\/bethecure\/img\/Image viewer-bro.svg\" \/>\n                <\/a>\n                \n            <\/div>\n            <div>\n                <h3>COVID-19 LIENS SOCIAUX ET SANT\u00c9 MENTALE<\/h3>\n                <p>Depuis que le virus COVID-19 s&rsquo;est r\u00e9pandu dans le monde au d\u00e9but de l&rsquo;ann\u00e9e, de nombreuses \u00e9tudes cliniques ont \u00e9t\u00e9 men\u00e9es dans le monde entier pour tenter de trouver un rem\u00e8de. Alors qu&rsquo;il est imp\u00e9ratif de trouver un traitement viable, une \u00e9quipe de chercheurs de l&rsquo;Alberta explore un autre aspect de cette pand\u00e9mie mondiale. Le [&#8230;]<p><a class=\"btn btn-secondary understrap-read-more-link\" href=\"https:\/\/bethecure.ca\/fr\/covid-19-liens-sociaux-et-sante-mentale\/\">Lire la suite\u2026<span class=\"screen-reader-text\"> from COVID-19 LIENS SOCIAUX ET SANT\u00c9 MENTALE<\/span><\/a><\/p><\/p>\n            <\/div>\n\n\n        <\/div>\n                <div class=\"col-12 col-md-6 my-5\">\n            <div class=\"text-center\">\n                                <a href=\"https:\/\/bethecure.ca\/fr\/covid-19-ce-que-les-familles-pensent-et-font\/\">\n                    <img decoding=\"async\" class=\"default__image\"\n                        src=\"https:\/\/bethecure.ca\/wp-content\/themes\/bethecure\/img\/Image viewer-bro.svg\" \/>\n                <\/a>\n                \n            <\/div>\n            <div>\n                <h3>COVID-19 &#8211; CE QUE LES FAMILLES PENSENT ET FONT<\/h3>\n                <p>La pand\u00e9mie de COVID-19 touche la plupart des pays du monde, et les provinces de tout le pays ont d\u00e9clar\u00e9 qu&rsquo;il s&rsquo;agissait d&rsquo;une urgence de sant\u00e9 publique. En cons\u00e9quence, les parents peuvent se trouver dans une situation de stress important, en particulier si leurs enfants doivent se rendre aux urgences p\u00e9diatriques. D&rsquo;autres peuvent chercher \u00e0 [&#8230;]<p><a class=\"btn btn-secondary understrap-read-more-link\" href=\"https:\/\/bethecure.ca\/fr\/covid-19-ce-que-les-familles-pensent-et-font\/\">Lire la suite\u2026<span class=\"screen-reader-text\"> from COVID-19 &#8211; CE QUE LES FAMILLES PENSENT ET FONT<\/span><\/a><\/p><\/p>\n            <\/div>\n\n\n        <\/div>\n                <div class=\"col-12 col-md-6 my-5\">\n            <div class=\"text-center\">\n                                <a href=\"https:\/\/bethecure.ca\/fr\/impact-des-antipaludiques-sur-les-infections-covid-19-chez-les-patients-arthritiques-de-lalberta\/\">\n                    <img decoding=\"async\" class=\"default__image\"\n                        src=\"https:\/\/bethecure.ca\/wp-content\/themes\/bethecure\/img\/Image viewer-bro.svg\" \/>\n                <\/a>\n                \n            <\/div>\n            <div>\n                <h3>IMPACT DES ANTIPALUDIQUES SUR LES INFECTIONS COVID-19 CHEZ LES PATIENTS ARTHRITIQUES DE L&rsquo;ALBERTA<\/h3>\n                <p>Une \u00e9tude appel\u00e9e Impact est en cours en Alberta pour d\u00e9terminer l&rsquo;effet d&rsquo;un m\u00e9dicament antipaludique populaire sur les personnes souffrant d&rsquo;arthrite rhumato\u00efde ou psoriasique. Dirig\u00e9e par une \u00e9quipe de la division de rhumatologie de la facult\u00e9 de m\u00e9decine et de dentisterie de l&rsquo;universit\u00e9 de l&rsquo;Alberta, comprenant le Dr Stephanie Keeling, rhumatologue clinique et professeur associ\u00e9, [&#8230;]<p><a class=\"btn btn-secondary understrap-read-more-link\" href=\"https:\/\/bethecure.ca\/fr\/impact-des-antipaludiques-sur-les-infections-covid-19-chez-les-patients-arthritiques-de-lalberta\/\">Lire la suite\u2026<span class=\"screen-reader-text\"> from IMPACT DES ANTIPALUDIQUES SUR LES INFECTIONS COVID-19 CHEZ LES PATIENTS ARTHRITIQUES DE L&rsquo;ALBERTA<\/span><\/a><\/p><\/p>\n            <\/div>\n\n\n        <\/div>\n                <div class=\"col-12 col-md-6 my-5\">\n            <div class=\"text-center\">\n                                <a href=\"https:\/\/bethecure.ca\/fr\/comparaison-entre-les-masques-chirurgicaux-et-les-masques-respiratoires-n95-pour-les-soins-aux-patients-atteints-de-covid-19-suspect-ou-confirme\/\">\n                    <img decoding=\"async\" class=\"default__image\"\n                        src=\"https:\/\/bethecure.ca\/wp-content\/themes\/bethecure\/img\/Image viewer-bro.svg\" \/>\n                <\/a>\n                \n            <\/div>\n            <div>\n                <h3>COMPARAISON ENTRE LES MASQUES CHIRURGICAUX ET LES MASQUES RESPIRATOIRES N95 POUR LES SOINS AUX PATIENTS ATTEINTS DE COVID-19 SUSPECT OU CONFIRM\u00c9<\/h3>\n                <p>Alors que les Canadiens continuent de respecter les mesures d&rsquo;urgence pour lutter contre le COVID-19, toute une population de professionnels de la sant\u00e9 continue de faire face aux d\u00e9fis les plus difficiles. Depuis que l&rsquo;Organisation mondiale de la sant\u00e9 a d\u00e9clar\u00e9 la pand\u00e9mie de COVID-19 au d\u00e9but du mois de mars de cette ann\u00e9e, le [&#8230;]<p><a class=\"btn btn-secondary understrap-read-more-link\" href=\"https:\/\/bethecure.ca\/fr\/comparaison-entre-les-masques-chirurgicaux-et-les-masques-respiratoires-n95-pour-les-soins-aux-patients-atteints-de-covid-19-suspect-ou-confirme\/\">Lire la suite\u2026<span class=\"screen-reader-text\"> from COMPARAISON ENTRE LES MASQUES CHIRURGICAUX ET LES MASQUES RESPIRATOIRES N95 POUR LES SOINS AUX PATIENTS ATTEINTS DE COVID-19 SUSPECT OU CONFIRM\u00c9<\/span><\/a><\/p><\/p>\n            <\/div>\n\n\n        <\/div>\n                <div class=\"col-12 col-md-6 my-5\">\n            <div class=\"text-center\">\n                                <a href=\"https:\/\/bethecure.ca\/fr\/grossesse-pendant-la-pandemie-de-covid-19\/\">\n                    <img decoding=\"async\" class=\"default__image\"\n                        src=\"https:\/\/bethecure.ca\/wp-content\/themes\/bethecure\/img\/Image viewer-bro.svg\" \/>\n                <\/a>\n                \n            <\/div>\n            <div>\n                <h3>GROSSESSE PENDANT LA PAND\u00c9MIE DE COVID-19<\/h3>\n                <p>Demandez \u00e0 la plupart des femmes qui ont accouch\u00e9 et elles vous diront que leur grossesse a \u00e9t\u00e9 l&rsquo;une des p\u00e9riodes les plus heureuses de leur vie. Mais avec la pand\u00e9mie actuelle de COVID-19 qui change notre fa\u00e7on de vivre, de nombreuses futures mamans ne peuvent s&#8217;emp\u00eacher de s&rsquo;inqui\u00e9ter des effets qu&rsquo;elle pourrait avoir sur [&#8230;]<p><a class=\"btn btn-secondary understrap-read-more-link\" href=\"https:\/\/bethecure.ca\/fr\/grossesse-pendant-la-pandemie-de-covid-19\/\">Lire la suite\u2026<span class=\"screen-reader-text\"> from GROSSESSE PENDANT LA PAND\u00c9MIE DE COVID-19<\/span><\/a><\/p><\/p>\n            <\/div>\n\n\n        <\/div>\n            <\/div>\n    <span aria-current=\"page\" class=\"page-numbers current\">1<\/span>\n<a class=\"page-numbers\" href=\"https:\/\/bethecure.ca\/fr\/wp-json\/wp\/v2\/pages\/2108\/page\/2\/\">2<\/a>\n<a class=\"page-numbers\" href=\"https:\/\/bethecure.ca\/fr\/wp-json\/wp\/v2\/pages\/2108\/page\/3\/\">3<\/a>\n<a class=\"next page-numbers\" href=\"https:\/\/bethecure.ca\/fr\/wp-json\/wp\/v2\/pages\/2108\/page\/2\/\">Suivant\u00a0\u00bb<\/a>    \n<\/section>","protected":false},"excerpt":{"rendered":"<p> [&#8230;]<\/p>\n<p><a class=\"btn btn-secondary understrap-read-more-link\" href=\"https:\/\/bethecure.ca\/fr\/ab\/blog\/\">Lire la suite\u2026<span class=\"screen-reader-text\"> from Blog<\/span><\/a><\/p>\n","protected":false},"author":2,"featured_media":0,"parent":2112,"menu_order":0,"comment_status":"closed","ping_status":"closed","template":"","meta":{"footnotes":""},"class_list":["post-2108","page","type-page","status-publish","hentry"],"acf":[],"_links":{"self":[{"href":"https:\/\/bethecure.ca\/fr\/wp-json\/wp\/v2\/pages\/2108","targetHints":{"allow":["GET"]}}],"collection":[{"href":"https:\/\/bethecure.ca\/fr\/wp-json\/wp\/v2\/pages"}],"about":[{"href":"https:\/\/bethecure.ca\/fr\/wp-json\/wp\/v2\/types\/page"}],"author":[{"embeddable":true,"href":"https:\/\/bethecure.ca\/fr\/wp-json\/wp\/v2\/users\/2"}],"replies":[{"embeddable":true,"href":"https:\/\/bethecure.ca\/fr\/wp-json\/wp\/v2\/comments?post=2108"}],"version-history":[{"count":0,"href":"https:\/\/bethecure.ca\/fr\/wp-json\/wp\/v2\/pages\/2108\/revisions"}],"up":[{"embeddable":true,"href":"https:\/\/bethecure.ca\/fr\/wp-json\/wp\/v2\/pages\/2112"}],"wp:attachment":[{"href":"https:\/\/bethecure.ca\/fr\/wp-json\/wp\/v2\/media?parent=2108"}],"curies":[{"name":"wp","href":"https:\/\/api.w.org\/{rel}","templated":true}]}}