{"id":2109,"date":"2024-01-08T02:23:52","date_gmt":"2024-01-08T02:23:52","guid":{"rendered":"https:\/\/bethecure.ca\/bulletins-dinformation\/"},"modified":"2024-01-19T20:18:36","modified_gmt":"2024-01-19T20:18:36","slug":"bulletins-dinformation","status":"publish","type":"page","link":"https:\/\/bethecure.ca\/fr\/ab\/bulletins-dinformation\/","title":{"rendered":"Bulletins d&rsquo;information"},"content":{"rendered":"<script type=\"text\/javascript\">var gform;gform||(document.addEventListener(\"gform_main_scripts_loaded\",function(){gform.scriptsLoaded=!0}),window.addEventListener(\"DOMContentLoaded\",function(){gform.domLoaded=!0}),gform={domLoaded:!1,scriptsLoaded:!1,initializeOnLoaded:function(o){gform.domLoaded&&gform.scriptsLoaded?o():!gform.domLoaded&&gform.scriptsLoaded?window.addEventListener(\"DOMContentLoaded\",o):document.addEventListener(\"gform_main_scripts_loaded\",o)},hooks:{action:{},filter:{}},addAction:function(o,n,r,t){gform.addHook(\"action\",o,n,r,t)},addFilter:function(o,n,r,t){gform.addHook(\"filter\",o,n,r,t)},doAction:function(o){gform.doHook(\"action\",o,arguments)},applyFilters:function(o){return gform.doHook(\"filter\",o,arguments)},removeAction:function(o,n){gform.removeHook(\"action\",o,n)},removeFilter:function(o,n,r){gform.removeHook(\"filter\",o,n,r)},addHook:function(o,n,r,t,i){null==gform.hooks[o][n]&&(gform.hooks[o][n]=[]);var e=gform.hooks[o][n];null==i&&(i=n+\"_\"+e.length),gform.hooks[o][n].push({tag:i,callable:r,priority:t=null==t?10:t})},doHook:function(n,o,r){var t;if(r=Array.prototype.slice.call(r,1),null!=gform.hooks[n][o]&&((o=gform.hooks[n][o]).sort(function(o,n){return o.priority-n.priority}),o.forEach(function(o){\"function\"!=typeof(t=o.callable)&&(t=window[t]),\"action\"==n?t.apply(null,r):r[0]=t.apply(null,r)})),\"filter\"==n)return r[0]},removeHook:function(o,n,t,i){var r;null!=gform.hooks[o][n]&&(r=(r=gform.hooks[o][n]).filter(function(o,n,r){return!!(null!=i&&i!=o.tag||null!=t&&t!=o.priority)}),gform.hooks[o][n]=r)}});<\/script>\n                <div class='gf_browser_gecko gform_wrapper gform_legacy_markup_wrapper' id='gform_wrapper_2' ><div id='gf_2' class='gform_anchor' tabindex='-1'><\/div>\n                        <div class='gform_heading'>\n                            <h3 class=\"gform_title\">S&rsquo;impliquer<\/h3>\n                            <span class='gform_description'><\/span>\n                        <\/div><form method='post' enctype='multipart\/form-data'  id='gform_2'  action='\/fr\/wp-json\/wp\/v2\/pages\/2109#gf_2' novalidate>\n                        <div class='gform_body gform-body'><div id='gform_page_2_1' class='gform_page' >\n                                    <div class='gform_page_fields'><ul id='gform_fields_2' class='gform_fields top_label form_sublabel_below description_below'><li id=\"field_2_17\"  class=\"gfield gfield_html gfield_html_formatted gfield_no_follows_desc field_sublabel_below field_description_below gfield_visibility_visible\"  data-js-reload=\"field_2_17\">Vous voulez conna\u00eetre les nouvelles possibilit\u00e9s de contribuer \u00e0 fa\u00e7onner l&rsquo;avenir de la recherche en sant\u00e9 dans votre province ? Inscrivez-vous pour recevoir les mises \u00e0 jour ci-dessous.<\/li><li id=\"field_2_14\"  class=\"gfield gfield_contains_required field_sublabel_below field_description_below gfield_visibility_visible\"  data-js-reload=\"field_2_14\"><label class='gfield_label gfield_label_before_complex'  >Nom complet<span class=\"gfield_required\"><span class=\"gfield_required gfield_required_asterisk\">*<\/span><\/span><\/label><div class='ginput_complex ginput_container no_prefix has_first_name no_middle_name has_last_name no_suffix gf_name_has_2 ginput_container_name' id='input_2_14'>\n                            \n                            <span id='input_2_14_3_container' class='name_first' >\n                                                    <input type='text' name='input_14.3' id='input_2_14_3' value=''   aria-required='true'     \/>\n                                                    <label for='input_2_14_3' >Pr\u00e9nom<\/label>\n                                                <\/span>\n                            \n                            <span id='input_2_14_6_container' class='name_last' >\n                                                    <input type='text' name='input_14.6' id='input_2_14_6' value=''   aria-required='true'     \/>\n                                                    <label for='input_2_14_6' >Nom<\/label>\n                                                <\/span>\n                            \n                        <\/div><\/li><li id=\"field_2_9\"  class=\"gfield gfield_contains_required field_sublabel_below field_description_below gfield_visibility_visible\"  data-js-reload=\"field_2_9\"><label class='gfield_label' for='input_2_9' >Adresse \u00e9lectronique<span class=\"gfield_required\"><span class=\"gfield_required gfield_required_asterisk\">*<\/span><\/span><\/label><div class='ginput_container ginput_container_email'>\n                            <input name='input_9' id='input_2_9' type='email' value='' class='large'    aria-required=\"true\" aria-invalid=\"false\"  \/>\n                        <\/div><\/li><li id=\"field_2_10\"  class=\"gfield field_sublabel_below field_description_below gfield_visibility_visible\"  data-js-reload=\"field_2_10\"><label class='gfield_label' for='input_2_10' >Num\u00e9ro de t\u00e9l\u00e9phone<\/label><div class='ginput_container ginput_container_phone'><input name='input_10' id='input_2_10' type='tel' value='' class='medium'    aria-invalid=\"false\"   \/><\/div><\/li><li id=\"field_2_11\"  class=\"gfield gf_list_inline gfield_contains_required field_sublabel_below field_description_below gfield_visibility_visible\"  data-js-reload=\"field_2_11\"><label class='gfield_label'  >M\u00e9thode de contact pr\u00e9f\u00e9r\u00e9e<span class=\"gfield_required\"><span class=\"gfield_required gfield_required_asterisk\">*<\/span><\/span><\/label><div class='ginput_container ginput_container_radio'><ul class='gfield_radio' id='input_2_11'>\n\t\t\t<li class='gchoice gchoice_2_11_0'>\n\t\t\t\t<input name='input_11' type='radio' value='courriel'  id='choice_2_11_0'    \/>\n\t\t\t\t<label for='choice_2_11_0' id='label_2_11_0'>Courriel<\/label>\n\t\t\t<\/li>\n\t\t\t<li class='gchoice gchoice_2_11_1'>\n\t\t\t\t<input name='input_11' type='radio' value='t\u00e9l\u00e9phone'  id='choice_2_11_1'    \/>\n\t\t\t\t<label for='choice_2_11_1' id='label_2_11_1'>T\u00e9l\u00e9phone<\/label>\n\t\t\t<\/li><\/ul><\/div><\/li><\/ul>\n                    <\/div>\n                    <div class='gform_page_footer top_label'>\n                         <input type='button' id='gform_next_button_2_15' class='gform_next_button button' value='Suivant'  onclick='jQuery(\"#gform_target_page_number_2\").val(\"2\");  jQuery(\"#gform_2\").trigger(\"submit\",[true]); ' onkeypress='if( event.keyCode == 13 ){ jQuery(\"#gform_target_page_number_2\").val(\"2\");  jQuery(\"#gform_2\").trigger(\"submit\",[true]); } ' \/> \n                    <\/div>\n                <\/div>\n                <div id='gform_page_2_2' class='gform_page' style='display:none;'>\n                    <div class='gform_page_fields'>\n                        <ul id='gform_fields_2_2' class='gform_fields top_label form_sublabel_below description_below'><li id=\"field_2_2\"  class=\"gfield gfield_contains_required field_sublabel_below field_description_below gfield_visibility_visible\"  data-js-reload=\"field_2_2\"><label class='gfield_label gfield_label_before_complex'  >Date de naissance<span class=\"gfield_required\"><span class=\"gfield_required gfield_required_asterisk\">*<\/span><\/span><\/label><div id='input_2_2' class='ginput_container ginput_complex'><div class=\"clear-multi\"><div class='gfield_date_month ginput_container ginput_container_date' id='input_2_2_1_container'>\n                                            <input type='number'  name='input_2[]' id='input_2_2_1' value=''   aria-required='true'   placeholder='MM' min='1' max='12' step='1'\/>\n                                            <label for='input_2_2_1' class=''>Mois<\/label>\n                                        <\/div><div class='gfield_date_day ginput_container ginput_container_date' id='input_2_2_2_container'>\n                                            <input type='number'  name='input_2[]' id='input_2_2_2' value=''   aria-required='true'   placeholder='JJ' min='1' max='31' step='1'\/>\n                                            <label for='input_2_2_2' class=''>Jour<\/label>\n                                        <\/div><div class='gfield_date_year ginput_container ginput_container_date' id='input_2_2_3_container'>\n                                            <input type='number'  name='input_2[]' id='input_2_2_3' value=''   aria-required='true'   placeholder='AAAA' min='1920' max='2027' step='1'\/>\n                                            <label for='input_2_2_3' class=''>Ann\u00e9e<\/label>\n                                       <\/div>\n                                   <\/div><\/div><\/li><li id=\"field_2_4\"  class=\"gfield field_sublabel_below field_description_below gfield_visibility_visible\"  data-js-reload=\"field_2_4\"><label class='gfield_label' for='input_2_4' >Le sexe<\/label><div class='ginput_container ginput_container_select'><select name='input_4' id='input_2_4' class='medium gfield_select'     aria-invalid=\"false\" ><option value='m\u00e2le' >Homme<\/option><option value='femelle' >Femme<\/option><option value='ne pas dire' selected='selected'>Pr\u00e9f\u00e8re ne pas r\u00e9pondre<\/option><\/select><\/div><\/li><li id=\"field_2_3\"  class=\"gfield gfield_contains_required field_sublabel_below field_description_below gfield_visibility_visible\"  data-js-reload=\"field_2_3\"><label class='gfield_label' for='input_2_3' >Ville de r\u00e9sidence<span class=\"gfield_required\"><span class=\"gfield_required gfield_required_asterisk\">*<\/span><\/span><\/label><div class='ginput_container ginput_container_text'><input name='input_3' id='input_2_3' type='text' value='' class='medium'     aria-required=\"true\" aria-invalid=\"false\"   \/> <\/div><\/li><li id=\"field_2_19\"  class=\"gfield gfield--width-full gfield_contains_required field_sublabel_below field_description_below gfield_visibility_visible\"  data-js-reload=\"field_2_19\"><label class='gfield_label' for='input_2_19' >Province<span class=\"gfield_required\"><span class=\"gfield_required gfield_required_asterisk\">*<\/span><\/span><\/label><div class='ginput_container ginput_container_select'><select name='input_19' id='input_2_19' class='large gfield_select'    aria-required=\"true\" aria-invalid=\"false\" ><option value='Alberta' >Alberta<\/option><option value='Colombie-Britannique' >Colombie-Britannique<\/option><option value='Manitoba' >Manitoba<\/option><option value='Nouveau-Brunswick' >Nouveau-Brunswick<\/option><option value='Terre-Neuve et Labrador' >Terre-Neuve et Labrador<\/option><option value='Territoires du Nord-Ouest' >Territoires du Nord-Ouest<\/option><option value='Nouvelle-\u00c9cosse' >Nouvelle-\u00c9cosse<\/option><option value='Nunavut' >Nunavut<\/option><option value='Ontario' >Ontario<\/option><option value='\u00cele-du-Prince-\u00c9douard' >\u00cele-du-Prince-\u00c9douard<\/option><option value='Qu\u00e9bec' >Qu\u00e9bec<\/option><option value='Saskatchewan' >Saskatchewan<\/option><option value='Yukon' >Yukon<\/option><\/select><\/div><\/li><\/ul>\n                    <\/div>\n                    <div class='gform_page_footer top_label'>\n                        <input type='button' id='gform_previous_button_2_16' class='gform_previous_button button' value='Pr\u00e9c\u00e9dent'  onclick='jQuery(\"#gform_target_page_number_2\").val(\"1\");  jQuery(\"#gform_2\").trigger(\"submit\",[true]); ' onkeypress='if( event.keyCode == 13 ){ jQuery(\"#gform_target_page_number_2\").val(\"1\");  jQuery(\"#gform_2\").trigger(\"submit\",[true]); } ' \/> <input type='button' id='gform_next_button_2_16' class='gform_next_button button' value='Suivant'  onclick='jQuery(\"#gform_target_page_number_2\").val(\"3\");  jQuery(\"#gform_2\").trigger(\"submit\",[true]); ' onkeypress='if( event.keyCode == 13 ){ jQuery(\"#gform_target_page_number_2\").val(\"3\");  jQuery(\"#gform_2\").trigger(\"submit\",[true]); } ' \/> \n                    <\/div>\n                <\/div>\n                <div id='gform_page_2_3' class='gform_page' style='display:none;'>\n                    <div class='gform_page_fields'>\n                        <ul id='gform_fields_2_3' class='gform_fields top_label form_sublabel_below description_below'><li id=\"field_2_5\"  class=\"gfield field_sublabel_below field_description_below gfield_visibility_visible\"  data-js-reload=\"field_2_5\"><label class='gfield_label gfield_label_before_complex'  >Comment souhaitez-vous participer \u00e0 la recherche clinique ?<\/label><div class='ginput_container ginput_container_checkbox'><ul class='gfield_checkbox' id='input_2_5'><li class='gchoice gchoice_2_5_1'>\n\t\t\t\t\t\t\t\t<input class='gfield-choice-input' name='input_5.1' type='checkbox'  value='participer'  id='choice_2_5_1'   \/>\n\t\t\t\t\t\t\t\t<label for='choice_2_5_1' id='label_2_5_1'>Je veux participer personnellement aux proc\u00e8s.<\/label>\n\t\t\t\t\t\t\t<\/li><li class='gchoice gchoice_2_5_2'>\n\t\t\t\t\t\t\t\t<input class='gfield-choice-input' name='input_5.2' type='checkbox'  value='souscrire'  id='choice_2_5_2'   \/>\n\t\t\t\t\t\t\t\t<label for='choice_2_5_2' id='label_2_5_2'>Je souhaite conna\u00eetre les essais ouverts que je peux recommander \u00e0 d&rsquo;autres.<\/label>\n\t\t\t\t\t\t\t<\/li><li class='gchoice gchoice_2_5_3'>\n\t\t\t\t\t\t\t\t<input class='gfield-choice-input' name='input_5.3' type='checkbox'  value='volontaire'  id='choice_2_5_3'   \/>\n\t\t\t\t\t\t\t\t<label for='choice_2_5_3' id='label_2_5_3'>Je souhaite conna\u00eetre les possibilit\u00e9s de faire du b\u00e9n\u00e9volat pour la recherche dans le domaine de la sant\u00e9.<\/label>\n\t\t\t\t\t\t\t<\/li><li class='gchoice gchoice_2_5_4'>\n\t\t\t\t\t\t\t\t<input class='gfield-choice-input' name='input_5.4' type='checkbox'  value='retour d&#039;information'  id='choice_2_5_4'   \/>\n\t\t\t\t\t\t\t\t<label for='choice_2_5_4' id='label_2_5_4'>Je souhaite conna\u00eetre les possibilit\u00e9s de donner mon avis sur la recherche dans le domaine de la sant\u00e9.<\/label>\n\t\t\t\t\t\t\t<\/li><li class='gchoice gchoice_2_5_5'>\n\t\t\t\t\t\t\t\t<input class='gfield-choice-input' name='input_5.5' type='checkbox'  value='l&#039;histoire'  id='choice_2_5_5'   \/>\n\t\t\t\t\t\t\t\t<label for='choice_2_5_5' id='label_2_5_5'>Je souhaite partager mes ant\u00e9c\u00e9dents m\u00e9dicaux avec les chercheurs.<\/label>\n\t\t\t\t\t\t\t<\/li><\/ul><\/div><\/li><li id=\"field_2_6\"  class=\"gfield field_sublabel_below field_description_below gfield_visibility_visible\"  data-js-reload=\"field_2_6\"><label class='gfield_label' for='input_2_6' >Quelle distance \u00eates-vous pr\u00eat \u00e0 parcourir pour participer \u00e0 des projets de recherche ?<\/label><div class='ginput_container ginput_container_select'><select name='input_6' id='input_2_6' class='medium gfield_select'     aria-invalid=\"false\" ><option value='0' >Je ne veux pas voyager.<\/option><option value='moins de 10' >Moins de 10 km<\/option><option value='10_\u00e0_50' >10-50km<\/option><option value='50_\u00e0_100' >50-100km<\/option><option value='plus de 100' >Plus de 100 km<\/option><\/select><\/div><\/li><li id=\"field_2_7\"  class=\"gfield gf_list_inline gfield_contains_required field_sublabel_below field_description_below gfield_visibility_visible\"  data-js-reload=\"field_2_7\"><label class='gfield_label'  >\u00cates-vous pr\u00eat \u00e0 partager anonymement vos ant\u00e9c\u00e9dents m\u00e9dicaux \u00e0 des fins de recherche ?<span class=\"gfield_required\"><span class=\"gfield_required gfield_required_asterisk\">*<\/span><\/span><\/label><div class='ginput_container ginput_container_radio'><ul class='gfield_radio' id='input_2_7'>\n\t\t\t<li class='gchoice gchoice_2_7_0'>\n\t\t\t\t<input name='input_7' type='radio' value='1'  id='choice_2_7_0'    \/>\n\t\t\t\t<label for='choice_2_7_0' id='label_2_7_0'>Oui<\/label>\n\t\t\t<\/li>\n\t\t\t<li class='gchoice gchoice_2_7_1'>\n\t\t\t\t<input name='input_7' type='radio' value='0'  id='choice_2_7_1'    \/>\n\t\t\t\t<label for='choice_2_7_1' id='label_2_7_1'>Non<\/label>\n\t\t\t<\/li><\/ul><\/div><\/li><li id=\"field_2_8\"  class=\"gfield gf_list_inline gfield_contains_required field_sublabel_below field_description_below gfield_visibility_visible\"  data-js-reload=\"field_2_8\"><label class='gfield_label'  >Souhaitez-vous recevoir des informations sur les possibilit\u00e9s de recherche et les exemples de r\u00e9ussite ?<span class=\"gfield_required\"><span class=\"gfield_required gfield_required_asterisk\">*<\/span><\/span><\/label><div class='ginput_container ginput_container_radio'><ul class='gfield_radio' id='input_2_8'>\n\t\t\t<li class='gchoice gchoice_2_8_0'>\n\t\t\t\t<input name='input_8' type='radio' value='1'  id='choice_2_8_0'    \/>\n\t\t\t\t<label for='choice_2_8_0' id='label_2_8_0'>Oui<\/label>\n\t\t\t<\/li>\n\t\t\t<li class='gchoice gchoice_2_8_1'>\n\t\t\t\t<input name='input_8' type='radio' value='0'  id='choice_2_8_1'    \/>\n\t\t\t\t<label for='choice_2_8_1' id='label_2_8_1'>Non<\/label>\n\t\t\t<\/li><\/ul><\/div><\/li><li id=\"field_2_13\"  class=\"gfield gf_list_3col field_sublabel_below field_description_below gfield_visibility_visible\"  data-js-reload=\"field_2_13\"><label class='gfield_label gfield_label_before_complex'  >Quels sont les domaines de recherche en sant\u00e9 qui vous int\u00e9ressent ?<\/label><div class='ginput_container ginput_container_checkbox'><ul class='gfield_checkbox' id='input_2_13'><li class='gchoice gchoice_2_13_1'>\n\t\t\t\t\t\t\t\t<input class='gfield-choice-input' name='input_13.1' type='checkbox'  value='cerveau'  id='choice_2_13_1'   aria-describedby=\"gfield_description_2_13\"\/>\n\t\t\t\t\t\t\t\t<label for='choice_2_13_1' id='label_2_13_1'>Sant\u00e9 du cerveau<\/label>\n\t\t\t\t\t\t\t<\/li><li class='gchoice gchoice_2_13_2'>\n\t\t\t\t\t\t\t\t<input class='gfield-choice-input' name='input_13.2' type='checkbox'  value='c\u0153ur'  id='choice_2_13_2'   \/>\n\t\t\t\t\t\t\t\t<label for='choice_2_13_2' id='label_2_13_2'>Sant\u00e9 cardiaque<\/label>\n\t\t\t\t\t\t\t<\/li><li class='gchoice gchoice_2_13_3'>\n\t\t\t\t\t\t\t\t<input class='gfield-choice-input' name='input_13.3' type='checkbox'  value='os_et_articulation'  id='choice_2_13_3'   \/>\n\t\t\t\t\t\t\t\t<label for='choice_2_13_3' id='label_2_13_3'>Sant\u00e9 des os et des articulations<\/label>\n\t\t\t\t\t\t\t<\/li><li class='gchoice gchoice_2_13_4'>\n\t\t\t\t\t\t\t\t<input class='gfield-choice-input' name='input_13.4' type='checkbox'  value='poumon'  id='choice_2_13_4'   \/>\n\t\t\t\t\t\t\t\t<label for='choice_2_13_4' id='label_2_13_4'>Sant\u00e9 pulmonaire<\/label>\n\t\t\t\t\t\t\t<\/li><li class='gchoice gchoice_2_13_5'>\n\t\t\t\t\t\t\t\t<input class='gfield-choice-input' name='input_13.5' type='checkbox'  value='gastro'  id='choice_2_13_5'   \/>\n\t\t\t\t\t\t\t\t<label for='choice_2_13_5' id='label_2_13_5'>Sant\u00e9 gastro-intestinale<\/label>\n\t\t\t\t\t\t\t<\/li><li class='gchoice gchoice_2_13_6'>\n\t\t\t\t\t\t\t\t<input class='gfield-choice-input' name='input_13.6' type='checkbox'  value='cancer'  id='choice_2_13_6'   \/>\n\t\t\t\t\t\t\t\t<label for='choice_2_13_6' id='label_2_13_6'>Le cancer<\/label>\n\t\t\t\t\t\t\t<\/li><li class='gchoice gchoice_2_13_7'>\n\t\t\t\t\t\t\t\t<input class='gfield-choice-input' name='input_13.7' type='checkbox'  value='\u0153il'  id='choice_2_13_7'   \/>\n\t\t\t\t\t\t\t\t<label for='choice_2_13_7' id='label_2_13_7'>Sant\u00e9 des yeux<\/label>\n\t\t\t\t\t\t\t<\/li><li class='gchoice gchoice_2_13_8'>\n\t\t\t\t\t\t\t\t<input class='gfield-choice-input' name='input_13.8' type='checkbox'  value='enfant'  id='choice_2_13_8'   \/>\n\t\t\t\t\t\t\t\t<label for='choice_2_13_8' id='label_2_13_8'>Sant\u00e9 de l&rsquo;enfant<\/label>\n\t\t\t\t\t\t\t<\/li><li class='gchoice gchoice_2_13_9'>\n\t\t\t\t\t\t\t\t<input class='gfield-choice-input' name='input_13.9' type='checkbox'  value='mental'  id='choice_2_13_9'   \/>\n\t\t\t\t\t\t\t\t<label for='choice_2_13_9' id='label_2_13_9'>Sant\u00e9 mentale<\/label>\n\t\t\t\t\t\t\t<\/li><li class='gchoice gchoice_2_13_11'>\n\t\t\t\t\t\t\t\t<input class='gfield-choice-input' name='input_13.11' type='checkbox'  value='femmes'  id='choice_2_13_11'   \/>\n\t\t\t\t\t\t\t\t<label for='choice_2_13_11' id='label_2_13_11'>Sant\u00e9 des femmes<\/label>\n\t\t\t\t\t\t\t<\/li><li class='gchoice gchoice_2_13_12'>\n\t\t\t\t\t\t\t\t<input class='gfield-choice-input' name='input_13.12' type='checkbox'  value='l&#039;alimentation'  id='choice_2_13_12'   \/>\n\t\t\t\t\t\t\t\t<label for='choice_2_13_12' id='label_2_13_12'>La nutrition<\/label>\n\t\t\t\t\t\t\t<\/li><li class='gchoice gchoice_2_13_13'>\n\t\t\t\t\t\t\t\t<input class='gfield-choice-input' name='input_13.13' type='checkbox'  value='public'  id='choice_2_13_13'   \/>\n\t\t\t\t\t\t\t\t<label for='choice_2_13_13' id='label_2_13_13'>Sant\u00e9 publique<\/label>\n\t\t\t\t\t\t\t<\/li><li class='gchoice gchoice_2_13_14'>\n\t\t\t\t\t\t\t\t<input class='gfield-choice-input' name='input_13.14' type='checkbox'  value='rein'  id='choice_2_13_14'   \/>\n\t\t\t\t\t\t\t\t<label for='choice_2_13_14' id='label_2_13_14'>Sant\u00e9 r\u00e9nale<\/label>\n\t\t\t\t\t\t\t<\/li><li class='gchoice gchoice_2_13_15'>\n\t\t\t\t\t\t\t\t<input class='gfield-choice-input' name='input_13.15' type='checkbox'  value='le diab\u00e8te'  id='choice_2_13_15'   \/>\n\t\t\t\t\t\t\t\t<label for='choice_2_13_15' id='label_2_13_15'>Diab\u00e8te<\/label>\n\t\t\t\t\t\t\t<\/li><li class='gchoice gchoice_2_13_16'>\n\t\t\t\t\t\t\t\t<input class='gfield-choice-input' name='input_13.16' type='checkbox'  value='infectieux'  id='choice_2_13_16'   \/>\n\t\t\t\t\t\t\t\t<label for='choice_2_13_16' id='label_2_13_16'>Maladies infectieuses<\/label>\n\t\t\t\t\t\t\t<\/li><\/ul><\/div><div class='gfield_description' id='gfield_description_2_13'>Cochez toutes les cases correspondantes<\/div><\/li><\/ul><\/div>\n        <div class='gform_page_footer top_label'><input type='submit' id='gform_previous_button_2' class='gform_previous_button button' value='Pr\u00e9c\u00e9dent'  onclick='if(window[\"gf_submitting_2\"]){return false;}  if( !jQuery(\"#gform_2\")[0].checkValidity || jQuery(\"#gform_2\")[0].checkValidity()){window[\"gf_submitting_2\"]=true;}  ' onkeypress='if( event.keyCode == 13 ){ if(window[\"gf_submitting_2\"]){return false;} if( !jQuery(\"#gform_2\")[0].checkValidity || jQuery(\"#gform_2\")[0].checkValidity()){window[\"gf_submitting_2\"]=true;}  jQuery(\"#gform_2\").trigger(\"submit\",[true]); }' \/> <input type='submit' id='gform_submit_button_2' class='gform_button button' value='Soumettre'  onclick='if(window[\"gf_submitting_2\"]){return false;}  if( !jQuery(\"#gform_2\")[0].checkValidity || jQuery(\"#gform_2\")[0].checkValidity()){window[\"gf_submitting_2\"]=true;}  ' onkeypress='if( event.keyCode == 13 ){ if(window[\"gf_submitting_2\"]){return false;} if( !jQuery(\"#gform_2\")[0].checkValidity || jQuery(\"#gform_2\")[0].checkValidity()){window[\"gf_submitting_2\"]=true;}  jQuery(\"#gform_2\").trigger(\"submit\",[true]); }' \/> \n            <input type='hidden' class='gform_hidden' name='is_submit_2' value='1' \/>\n            <input type='hidden' class='gform_hidden' name='gform_submit' value='2' \/>\n            \n            <input type='hidden' class='gform_hidden' name='gform_unique_id' value='' \/>\n            <input type='hidden' class='gform_hidden' name='state_2' value='WyJbXSIsIjU2NTYzODQ4OWQyNmQ1NTQwNmMwNTg5MTU0YWJhZGM1Il0=' \/>\n            <input type='hidden' class='gform_hidden' name='gform_target_page_number_2' id='gform_target_page_number_2' value='2' \/>\n            <input type='hidden' class='gform_hidden' name='gform_source_page_number_2' id='gform_source_page_number_2' value='1' \/>\n            <input type='hidden' name='gform_field_values' value='' \/>\n            \n        <\/div>\n                        <\/div><\/div>\n                        <\/form>\n                        <\/div>","protected":false},"excerpt":{"rendered":"<p> [&#8230;]<\/p>\n<p><a class=\"btn btn-secondary understrap-read-more-link\" href=\"https:\/\/bethecure.ca\/fr\/ab\/bulletins-dinformation\/\">Lire la suite\u2026<span class=\"screen-reader-text\"> from Bulletins d&rsquo;information<\/span><\/a><\/p>\n","protected":false},"author":2,"featured_media":0,"parent":2112,"menu_order":0,"comment_status":"closed","ping_status":"closed","template":"","meta":{"footnotes":""},"class_list":["post-2109","page","type-page","status-publish","hentry"],"acf":[],"_links":{"self":[{"href":"https:\/\/bethecure.ca\/fr\/wp-json\/wp\/v2\/pages\/2109","targetHints":{"allow":["GET"]}}],"collection":[{"href":"https:\/\/bethecure.ca\/fr\/wp-json\/wp\/v2\/pages"}],"about":[{"href":"https:\/\/bethecure.ca\/fr\/wp-json\/wp\/v2\/types\/page"}],"author":[{"embeddable":true,"href":"https:\/\/bethecure.ca\/fr\/wp-json\/wp\/v2\/users\/2"}],"replies":[{"embeddable":true,"href":"https:\/\/bethecure.ca\/fr\/wp-json\/wp\/v2\/comments?post=2109"}],"version-history":[{"count":0,"href":"https:\/\/bethecure.ca\/fr\/wp-json\/wp\/v2\/pages\/2109\/revisions"}],"up":[{"embeddable":true,"href":"https:\/\/bethecure.ca\/fr\/wp-json\/wp\/v2\/pages\/2112"}],"wp:attachment":[{"href":"https:\/\/bethecure.ca\/fr\/wp-json\/wp\/v2\/media?parent=2109"}],"curies":[{"name":"wp","href":"https:\/\/api.w.org\/{rel}","templated":true}]}}