{"id":2111,"date":"2023-12-20T17:49:22","date_gmt":"2023-12-20T17:49:22","guid":{"rendered":"https:\/\/bethecure.ca\/a-propos\/"},"modified":"2024-01-26T19:27:09","modified_gmt":"2024-01-26T19:27:09","slug":"a-propos-de","status":"publish","type":"page","link":"https:\/\/bethecure.ca\/fr\/ab\/a-propos-de\/","title":{"rendered":"\u00c0 PROPOS"},"content":{"rendered":"\n<figure class=\"wp-block-embed is-type-video is-provider-youtube wp-block-embed-youtube wp-embed-aspect-16-9 wp-has-aspect-ratio\"><div class=\"wp-block-embed__wrapper\">\n<iframe loading=\"lazy\" title=\"How Health Research Works.\" width=\"640\" height=\"360\" src=\"https:\/\/www.youtube.com\/embed\/RbRJFJ2QqFk?feature=oembed\" frameborder=\"0\" allow=\"accelerometer; autoplay; clipboard-write; encrypted-media; gyroscope; picture-in-picture; web-share\" referrerpolicy=\"strict-origin-when-cross-origin\" allowfullscreen><\/iframe>\n<\/div><\/figure>\n\n<div class=\"wp-block-columns is-layout-flex wp-container-core-columns-is-layout-9d6595d7 wp-block-columns-is-layout-flex\">\n<div class=\"wp-block-column is-vertically-aligned-center is-layout-flow wp-block-column-is-layout-flow\">\n<h2 class=\"wp-block-heading has-text-align-center\">ORGANISATIONS PARTENAIRES<\/h2>\n\n\n\n<p>Be The Cure a \u00e9t\u00e9 rendu possible gr\u00e2ce aux organisations suivantes qui se sont unies pour soutenir notre cause : <a href=\"http:\/\/www.albertahealthservices.ca\/\" target=\"_blank\" rel=\"noreferrer noopener\">Alberta Health Services<\/a>, <a href=\"https:\/\/nactrc.ca\/\" target=\"_blank\" rel=\"noreferrer noopener\">Northern Alberta Clinical Trials and Research Centre (NACTRC)<\/a>, <a href=\"http:\/\/www.ualberta.ca\/\" target=\"_blank\" rel=\"noreferrer noopener\">University of Alberta<\/a>, <a href=\"http:\/\/www.ucalgary.ca\/research\/participate\/\" target=\"_blank\" rel=\"noreferrer noopener\">University of Calgary<\/a> et <a href=\"http:\/\/www.albertainnovates.ca\/\" target=\"_blank\" rel=\"noreferrer noopener\">Alberta Innovates<\/a>.<\/p>\n\n\n\n<p>Vous pouvez \u00e9galement rechercher les \u00e9tudes de recherche en cours \u00e0 l&rsquo;<a href=\"http:\/\/www.ucalgary.ca\/research\/participate\/\" target=\"_blank\" rel=\"noreferrer noopener\">Universit\u00e9 de Calgary<\/a>.<\/p>\n<\/div>\n<\/div>\n\n<h2 class=\"wp-block-heading has-text-align-center\">IL NE S&rsquo;AGIT L\u00c0 QUE D&rsquo;UNE PARTIE DES RECHERCHES MEN\u00c9ES EN ALBERTA.<a href=\"https:\/\/bethecure.ca\/about\/research\/heart-and-stroke-research\/\"><\/a><\/h2>\n\n<div class=\"wp-block-columns is-layout-flex wp-container-core-columns-is-layout-9d6595d7 wp-block-columns-is-layout-flex\">\n<div class=\"wp-block-column is-layout-flow wp-block-column-is-layout-flow\">\n<div class=\"wp-block-group\"><div class=\"wp-block-group__inner-container is-layout-constrained wp-block-group-is-layout-constrained\"><div class=\"wp-block-image\">\n<figure class=\"aligncenter size-full is-resized\"><a href=\"https:\/\/bethecureprod.wpenginepowered.com\/about\/research\/heart-and-stroke\/\"><img loading=\"lazy\" decoding=\"async\" width=\"212\" height=\"212\" src=\"https:\/\/bethecureprod.wpenginepowered.com\/wp-content\/uploads\/2023\/12\/HeartStrokeIcon.png\" alt=\"\" class=\"wp-image-1833\" style=\"width:auto;height:110px\" srcset=\"https:\/\/bethecure.ca\/wp-content\/uploads\/2023\/12\/HeartStrokeIcon.png 212w, https:\/\/bethecure.ca\/wp-content\/uploads\/2023\/12\/HeartStrokeIcon-150x150.png 150w\" sizes=\"auto, (max-width: 212px) 100vw, 212px\" \/><\/a><\/figure>\n<\/div>\n\n\n<h3 class=\"wp-block-heading has-text-align-center h5 text-dark has-gray-dark-color has-text-color has-link-color wp-elements-85cf1e521aecc4924b173e27c0cb96b3\"><a href=\"https:\/\/bethecure.ca\/fr\/ab\/a-propos-de\/recherche\/recherche-sur-les-maladies-cardiaques-et-les-accidents-vasculaires-cerebraux\/\" data-type=\"page\" data-id=\"1871\">RECHERCHE SUR LES MALADIES CARDIAQUES ET LES ACCIDENTS VASCULAIRES C\u00c9R\u00c9BRAUX<\/a><\/h3>\n<\/div><\/div>\n<\/div>\n\n\n\n<div class=\"wp-block-column is-layout-flow wp-block-column-is-layout-flow\">\n<div class=\"wp-block-group\"><div class=\"wp-block-group__inner-container is-layout-constrained wp-block-group-is-layout-constrained\"><div class=\"wp-block-image\">\n<figure class=\"aligncenter size-full is-resized\"><a href=\"https:\/\/bethecureprod.wpenginepowered.com\/about\/research\/gastrointestinal-health\/\"><img loading=\"lazy\" decoding=\"async\" width=\"212\" height=\"212\" src=\"https:\/\/bethecureprod.wpenginepowered.com\/wp-content\/uploads\/2023\/12\/GastroIcon.png\" alt=\"\" class=\"wp-image-1835\" style=\"width:auto;height:110px\" srcset=\"https:\/\/bethecure.ca\/wp-content\/uploads\/2023\/12\/GastroIcon.png 212w, https:\/\/bethecure.ca\/wp-content\/uploads\/2023\/12\/GastroIcon-150x150.png 150w\" sizes=\"auto, (max-width: 212px) 100vw, 212px\" \/><\/a><\/figure>\n<\/div>\n\n\n<h3 class=\"wp-block-heading has-text-align-center h5 text-dark has-gray-dark-color has-text-color has-link-color wp-elements-9af6571f489cec8ea348d160a637b543\"><a href=\"https:\/\/bethecure.ca\/fr\/ab\/a-propos-de\/recherche\/recherche-sur-la-sante-gastro-intestinale\/\" data-type=\"page\" data-id=\"1869\">RECHERCHE SUR LA SANT\u00c9 GASTRO-INTESTINALE<\/a><\/h3>\n<\/div><\/div>\n<\/div>\n\n\n\n<div class=\"wp-block-column is-layout-flow wp-block-column-is-layout-flow\">\n<div class=\"wp-block-group\"><div class=\"wp-block-group__inner-container is-layout-constrained wp-block-group-is-layout-constrained\"><div class=\"wp-block-image\">\n<figure class=\"aligncenter size-full is-resized\"><a href=\"https:\/\/bethecureprod.wpenginepowered.com\/about\/research\/cancer\/\"><img loading=\"lazy\" decoding=\"async\" width=\"212\" height=\"212\" src=\"https:\/\/bethecureprod.wpenginepowered.com\/wp-content\/uploads\/2023\/12\/CancerResearchIcon.png\" alt=\"\" class=\"wp-image-1834\" style=\"width:auto;height:110px\" srcset=\"https:\/\/bethecure.ca\/wp-content\/uploads\/2023\/12\/CancerResearchIcon.png 212w, https:\/\/bethecure.ca\/wp-content\/uploads\/2023\/12\/CancerResearchIcon-150x150.png 150w\" sizes=\"auto, (max-width: 212px) 100vw, 212px\" \/><\/a><\/figure>\n<\/div>\n\n\n<h3 class=\"wp-block-heading has-text-align-center h5 text-dark has-gray-dark-color has-text-color has-link-color wp-elements-bcf6e6a2ea3c2c1f5875d5934b09c120\"><a href=\"https:\/\/bethecure.ca\/fr\/ab\/a-propos-de\/recherche\/recherche-sur-le-cancer\/\" data-type=\"page\" data-id=\"1857\">RECHERCHE SUR LE CANCER<\/a><\/h3>\n<\/div><\/div>\n<\/div>\n\n\n\n<div class=\"wp-block-column is-layout-flow wp-block-column-is-layout-flow\">\n<div class=\"wp-block-group\"><div class=\"wp-block-group__inner-container is-layout-constrained wp-block-group-is-layout-constrained\"><div class=\"wp-block-image\">\n<figure class=\"aligncenter size-full is-resized\"><a href=\"https:\/\/bethecureprod.wpenginepowered.com\/about\/research\/womens-childrens-health\/\"><img loading=\"lazy\" decoding=\"async\" width=\"212\" height=\"212\" src=\"https:\/\/bethecureprod.wpenginepowered.com\/wp-content\/uploads\/2023\/12\/WomenChildrenIcon.png\" alt=\"\" class=\"wp-image-1836\" style=\"width:auto;height:110px\" srcset=\"https:\/\/bethecure.ca\/wp-content\/uploads\/2023\/12\/WomenChildrenIcon.png 212w, https:\/\/bethecure.ca\/wp-content\/uploads\/2023\/12\/WomenChildrenIcon-150x150.png 150w\" sizes=\"auto, (max-width: 212px) 100vw, 212px\" \/><\/a><\/figure>\n<\/div>\n\n\n<h3 class=\"wp-block-heading has-text-align-center h5 text-dark has-gray-dark-color has-text-color has-link-color wp-elements-75448c477421f05c28680d9860d96137\"><a href=\"https:\/\/bethecure.ca\/fr\/ab\/a-propos-de\/recherche\/recherche-sur-la-sante-des-femmes-et-des-enfants\/\" data-type=\"page\" data-id=\"1863\">RECHERCHE SUR LA SANT\u00c9 DES FEMMES ET DES ENFANTS<\/a><\/h3>\n<\/div><\/div>\n<\/div>\n<\/div>\n\n<section  class=\"cd-horizontal-timeline section\">\n    <div class=\"timeline\">\n        <div class=\"events-wrapper\">\n            <div class=\"events\">\n                                <\/ol>\n\n                <span class=\"filling-line\" aria-hidden=\"true\"><\/span>\n            <\/div> <!-- .events -->\n        <\/div> <!-- .events-wrapper -->\n\n        <ul class=\"cd-timeline-navigation\">\n            <li><a href=\"#0\" class=\"prev inactive\"><i class=\"fa fa-chevron-left\"><\/i><\/a><\/li>\n            <li><a href=\"#0\" class=\"next\"><i class=\"fa fa-chevron-right\"><\/i><\/a><\/li>\n        <\/ul> <!-- .cd-timeline-navigation -->\n    <\/div> <!-- .timeline -->\n\n    <div class=\"events-content\">\n                <\/ol>\n    <\/div> <!-- .events-content -->\n<\/section>","protected":false},"excerpt":{"rendered":"<p>ORGANISATIONS PARTENAIRES Be The Cure a \u00e9t\u00e9 rendu possible gr\u00e2ce aux organisations suivantes qui se sont unies pour soutenir notre cause : Alberta Health Services, Northern Alberta Clinical Trials and Research Centre (NACTRC), University of Alberta, University of Calgary et Alberta Innovates. Vous pouvez \u00e9galement rechercher les \u00e9tudes de recherche en cours \u00e0 l&rsquo;Universit\u00e9 de [&#8230;]<\/p>\n<p><a class=\"btn btn-secondary understrap-read-more-link\" href=\"https:\/\/bethecure.ca\/fr\/ab\/a-propos-de\/\">Lire la suite\u2026<span class=\"screen-reader-text\"> from \u00c0 PROPOS<\/span><\/a><\/p>\n","protected":false},"author":3,"featured_media":0,"parent":2112,"menu_order":0,"comment_status":"closed","ping_status":"closed","template":"","meta":{"footnotes":""},"class_list":["post-2111","page","type-page","status-publish","hentry"],"acf":[],"_links":{"self":[{"href":"https:\/\/bethecure.ca\/fr\/wp-json\/wp\/v2\/pages\/2111","targetHints":{"allow":["GET"]}}],"collection":[{"href":"https:\/\/bethecure.ca\/fr\/wp-json\/wp\/v2\/pages"}],"about":[{"href":"https:\/\/bethecure.ca\/fr\/wp-json\/wp\/v2\/types\/page"}],"author":[{"embeddable":true,"href":"https:\/\/bethecure.ca\/fr\/wp-json\/wp\/v2\/users\/3"}],"replies":[{"embeddable":true,"href":"https:\/\/bethecure.ca\/fr\/wp-json\/wp\/v2\/comments?post=2111"}],"version-history":[{"count":0,"href":"https:\/\/bethecure.ca\/fr\/wp-json\/wp\/v2\/pages\/2111\/revisions"}],"up":[{"embeddable":true,"href":"https:\/\/bethecure.ca\/fr\/wp-json\/wp\/v2\/pages\/2112"}],"wp:attachment":[{"href":"https:\/\/bethecure.ca\/fr\/wp-json\/wp\/v2\/media?parent=2111"}],"curies":[{"name":"wp","href":"https:\/\/api.w.org\/{rel}","templated":true}]}}