{"id":2115,"date":"2023-12-18T20:58:29","date_gmt":"2023-12-18T20:58:29","guid":{"rendered":"https:\/\/bethecure.ca\/a-propos\/recherche\/recherche-sur-les-maladies-cardiaques-et-les-accidents-vasculaires-cerebraux\/"},"modified":"2024-01-26T19:27:10","modified_gmt":"2024-01-26T19:27:10","slug":"coeur-et-accident-vasculaire-cerebral","status":"publish","type":"page","link":"https:\/\/bethecure.ca\/fr\/ab\/a-propos-de\/recherche\/coeur-et-accident-vasculaire-cerebral\/","title":{"rendered":"Recherche sur les maladies cardiaques et les accidents vasculaires c\u00e9r\u00e9braux"},"content":{"rendered":"\n<div class=\"wp-block-group narrow_width\"><div class=\"wp-block-group__inner-container is-layout-constrained wp-block-group-is-layout-constrained\">\n<h2 class=\"wp-block-heading has-text-align-center has-text-color has-link-color wp-elements-b4e24c94edf349122353a87113a0b8bc\" style=\"color:#363636\">INSTALLATIONS DE RECHERCHE<\/h2>\n\n\n\n<div class=\"wp-block-columns is-layout-flex wp-container-core-columns-is-layout-9d6595d7 wp-block-columns-is-layout-flex\">\n<div class=\"wp-block-column is-layout-flow wp-block-column-is-layout-flow\">\n<h2 class=\"wp-block-heading\">INSTITUT CARDIOVASCULAIRE LIBIN DE L&rsquo;ALBERTA<\/h2>\n\n\n\n<p>Le Libin Cardiovascular Institute of Alberta est un institut virtuel qui coordonne et int\u00e8gre la recherche en sciences cardiovasculaires, l&rsquo;enseignement et les soins aux patients dans le sud de l&rsquo;Alberta.<\/p>\n\n\n\n<p style=\"font-size:18px\">L&rsquo;institut assure l&rsquo;\u00e9ducation et la formation des professionnels de la sant\u00e9, des traitements de niveau international et l&rsquo;acc\u00e8s \u00e0 des services cardiaques gr\u00e2ce \u00e0 de nouveaux d\u00e9veloppements en mati\u00e8re de soins de sant\u00e9.<\/p>\n\n\n\n<h2 class=\"wp-block-heading\">INSTITUT DU CERVEAU DE HOTCHKISS<\/h2>\n\n\n\n<p style=\"font-size:18px\">Le Hotchkiss Brain Institute (HBI) est un centre d&rsquo;excellence internationalement reconnu dans le domaine de la recherche et de l&rsquo;enseignement sur le cerveau et la sant\u00e9 mentale. L&rsquo;institut est bas\u00e9 \u00e0 l&rsquo;\u00e9cole de m\u00e9decine Cumming de l&rsquo;universit\u00e9 de Calgary et travaille en partenariat avec les services de sant\u00e9 de l&rsquo;Alberta.<\/p>\n<\/div>\n\n\n\n<div class=\"wp-block-column is-layout-flow wp-block-column-is-layout-flow\">\n<figure class=\"wp-block-image size-full\"><img loading=\"lazy\" decoding=\"async\" width=\"375\" height=\"500\" src=\"https:\/\/bethecureprod.wpenginepowered.com\/wp-content\/uploads\/2023\/12\/HMRB-Calgary.jpg\" alt=\"\" class=\"wp-image-1873\" srcset=\"https:\/\/bethecure.ca\/wp-content\/uploads\/2023\/12\/HMRB-Calgary.jpg 375w, https:\/\/bethecure.ca\/wp-content\/uploads\/2023\/12\/HMRB-Calgary-225x300.jpg 225w\" sizes=\"auto, (max-width: 375px) 100vw, 375px\" \/><\/figure>\n<\/div>\n<\/div>\n\n\n\n<div class=\"wp-block-columns is-layout-flex wp-container-core-columns-is-layout-9d6595d7 wp-block-columns-is-layout-flex\">\n<div class=\"wp-block-column is-layout-flow wp-block-column-is-layout-flow\">\n<figure class=\"wp-block-image size-full\"><img loading=\"lazy\" decoding=\"async\" width=\"500\" height=\"375\" src=\"https:\/\/bethecureprod.wpenginepowered.com\/wp-content\/uploads\/2023\/12\/Mazankowski-500x375-1.jpg\" alt=\"\" class=\"wp-image-1874\" srcset=\"https:\/\/bethecure.ca\/wp-content\/uploads\/2023\/12\/Mazankowski-500x375-1.jpg 500w, https:\/\/bethecure.ca\/wp-content\/uploads\/2023\/12\/Mazankowski-500x375-1-300x225.jpg 300w\" sizes=\"auto, (max-width: 500px) 100vw, 500px\" \/><\/figure>\n<\/div>\n\n\n\n<div class=\"wp-block-column is-layout-flow wp-block-column-is-layout-flow\">\n<h2 class=\"wp-block-heading\">MAZANKOWSKI ALBERTA HEART INSTITUTE<\/h2>\n\n\n\n<p style=\"font-size:18px\">Le Mazankowski Alberta Heart Institute d&rsquo;Edmonton est un leader mondial en mati\u00e8re de soins et de chirurgie cardiaques complexes.<\/p>\n\n\n\n<h2 class=\"wp-block-heading\">CENTRE CANADIEN DE LA VIGUEUR<\/h2>\n\n\n\n<p style=\"font-size:18px\">Le Centre canadien VIGOUR (CVC) est un organisme de recherche universitaire (ORA) engag\u00e9 dans l&rsquo;am\u00e9lioration de la sant\u00e9 cardiovasculaire. Le CVC s&rsquo;appuie sur un groupe d\u00e9vou\u00e9 de leaders d&rsquo;opinion internationalement reconnus dans le domaine de la m\u00e9decine cardiovasculaire et de l&rsquo;investigation clinique.<\/p>\n<\/div>\n<\/div>\n<\/div><\/div>\n\n<h2 class=\"wp-block-heading has-text-align-center has-text-color has-link-color wp-elements-2b582e4dde3b3f864035db57a077dc48\" style=\"color:#363636\">PLEINS FEUX SUR LA RECHERCHE<\/h2>\n\n<div class=\"wp-block-columns narrow_width is-layout-flex wp-container-core-columns-is-layout-9d6595d7 wp-block-columns-is-layout-flex\">\n<div class=\"wp-block-column is-layout-flow wp-block-column-is-layout-flow\">\n<figure class=\"wp-block-image size-full\"><img loading=\"lazy\" decoding=\"async\" width=\"500\" height=\"375\" src=\"https:\/\/bethecureprod.wpenginepowered.com\/wp-content\/uploads\/2023\/12\/EscapeTrialGraphic.jpg\" alt=\"\" class=\"wp-image-1875\" srcset=\"https:\/\/bethecure.ca\/wp-content\/uploads\/2023\/12\/EscapeTrialGraphic.jpg 500w, https:\/\/bethecure.ca\/wp-content\/uploads\/2023\/12\/EscapeTrialGraphic-300x225.jpg 300w\" sizes=\"auto, (max-width: 500px) 100vw, 500px\" \/><\/figure>\n<\/div>\n\n\n\n<div class=\"wp-block-column is-layout-flow wp-block-column-is-layout-flow\">\n<h2 class=\"wp-block-heading\">ESSAI D&rsquo;\u00c9VASION<\/h2>\n\n\n\n<p style=\"font-size:18px\"><strong>\u00ab\u00a0Ces r\u00e9sultats auront un impact sur la prise en charge des accidents vasculaires c\u00e9r\u00e9braux dans le monde entier.<\/strong><\/p>\n\n\n\n<p style=\"font-size:18px\">Le traitement standard des accidents vasculaires c\u00e9r\u00e9braux (AVC) ne fonctionne pas chez les patients pr\u00e9sentant des caillots importants dans les vaisseaux principaux. Gr\u00e2ce \u00e0 la th\u00e9rapie endovasculaire, les m\u00e9decins peuvent pratiquer une petite incision, ins\u00e9rer un cath\u00e9ter et retirer manuellement le caillot.<\/p>\n\n\n\n<p style=\"font-size:18px\">Les docteurs Andrew Demchuk, Mayank Goyal et Michael Hill ont test\u00e9 l&rsquo;efficacit\u00e9 de la th\u00e9rapie endovasculaire dans le cadre de l&rsquo;essai ESCAPE, bas\u00e9 en Alberta. L&rsquo;\u00e9tude a montr\u00e9 que les patients trait\u00e9s par voie endovasculaire avaient 23,7 % de chances en moins de souffrir d&rsquo;un handicap li\u00e9 \u00e0 l&rsquo;AVC et 50 % de chances en moins de mourir dans les trois mois suivant l&rsquo;AVC.<\/p>\n\n\n\n<p style=\"font-size:18px\">Selon le Dr Hill, \u00ab\u00a0il s&rsquo;agit du changement le plus important et le plus fondamental dans le traitement de l&rsquo;AVC isch\u00e9mique aigu au cours des 20 derni\u00e8res ann\u00e9es&#8230; [and] aura un impact sur les soins de l&rsquo;AVC dans le monde entier\u00a0\u00bb.<\/p>\n<\/div>\n<\/div>\n\n<div class=\"wp-block-group narrow_width research_block\"><div class=\"wp-block-group__inner-container is-layout-constrained wp-block-group-is-layout-constrained\">\n<div style=\"height:50px\" aria-hidden=\"true\" class=\"wp-block-spacer\"><\/div>\n\n\n\n<h3 class=\"wp-block-heading has-text-align-center\">EXPLORER LES DOMAINES DANS LESQUELS LA RECHERCHE AIDE LES ALBERTAINS<\/h3>\n\n\n\n<div class=\"wp-block-columns is-layout-flex wp-container-core-columns-is-layout-9d6595d7 wp-block-columns-is-layout-flex\">\n<div class=\"wp-block-column is-layout-flow wp-block-column-is-layout-flow\">\n<div class=\"wp-block-group\"><div class=\"wp-block-group__inner-container is-layout-constrained wp-block-group-is-layout-constrained\"><div class=\"wp-block-image\">\n<figure class=\"aligncenter size-full is-resized\"><a href=\"https:\/\/bethecureprod.wpenginepowered.com\/about\/research\/gastrointestinal-health\/\"><img loading=\"lazy\" decoding=\"async\" width=\"212\" height=\"212\" src=\"https:\/\/bethecureprod.wpenginepowered.com\/wp-content\/uploads\/2023\/12\/GastroIcon.png\" alt=\"\" class=\"wp-image-1835\" style=\"width:auto;height:110px\" srcset=\"https:\/\/bethecure.ca\/wp-content\/uploads\/2023\/12\/GastroIcon.png 212w, https:\/\/bethecure.ca\/wp-content\/uploads\/2023\/12\/GastroIcon-150x150.png 150w\" sizes=\"auto, (max-width: 212px) 100vw, 212px\" \/><\/a><\/figure>\n<\/div>\n\n\n<h4 class=\"wp-block-heading has-text-align-center\"><a href=\"https:\/\/bethecure.ca\/fr\/ab\/a-propos-de\/recherche\/recherche-sur-la-sante-gastro-intestinale\/\" data-type=\"page\" data-id=\"1869\">RECHERCHE SUR LA SANT\u00c9 GASTRO-INTESTINALE<\/a><\/h4>\n<\/div><\/div>\n<\/div>\n\n\n\n<div class=\"wp-block-column is-layout-flow wp-block-column-is-layout-flow\">\n<div class=\"wp-block-group\"><div class=\"wp-block-group__inner-container is-layout-constrained wp-block-group-is-layout-constrained\"><div class=\"wp-block-image\">\n<figure class=\"aligncenter size-full is-resized\"><a href=\"https:\/\/bethecureprod.wpenginepowered.com\/about\/research\/cancer\/\"><img loading=\"lazy\" decoding=\"async\" width=\"212\" height=\"212\" src=\"https:\/\/bethecureprod.wpenginepowered.com\/wp-content\/uploads\/2023\/12\/CancerResearchIcon.png\" alt=\"\" class=\"wp-image-1834\" style=\"width:auto;height:110px\" srcset=\"https:\/\/bethecure.ca\/wp-content\/uploads\/2023\/12\/CancerResearchIcon.png 212w, https:\/\/bethecure.ca\/wp-content\/uploads\/2023\/12\/CancerResearchIcon-150x150.png 150w\" sizes=\"auto, (max-width: 212px) 100vw, 212px\" \/><\/a><\/figure>\n<\/div>\n\n\n<h4 class=\"wp-block-heading has-text-align-center\"><a href=\"https:\/\/bethecure.ca\/fr\/ab\/a-propos-de\/recherche\/cancer\/\" data-type=\"page\" data-id=\"1857\">RECHERCHE SUR LE CANCER<\/a><\/h4>\n<\/div><\/div>\n<\/div>\n\n\n\n<div class=\"wp-block-column is-layout-flow wp-block-column-is-layout-flow\">\n<div class=\"wp-block-group\"><div class=\"wp-block-group__inner-container is-layout-constrained wp-block-group-is-layout-constrained\"><div class=\"wp-block-image\">\n<figure class=\"aligncenter size-full is-resized\"><a href=\"https:\/\/bethecureprod.wpenginepowered.com\/about\/research\/womens-childrens-health\/\"><img loading=\"lazy\" decoding=\"async\" width=\"212\" height=\"212\" src=\"https:\/\/bethecureprod.wpenginepowered.com\/wp-content\/uploads\/2023\/12\/WomenChildrenIcon.png\" alt=\"\" class=\"wp-image-1836\" style=\"width:auto;height:110px\" srcset=\"https:\/\/bethecure.ca\/wp-content\/uploads\/2023\/12\/WomenChildrenIcon.png 212w, https:\/\/bethecure.ca\/wp-content\/uploads\/2023\/12\/WomenChildrenIcon-150x150.png 150w\" sizes=\"auto, (max-width: 212px) 100vw, 212px\" \/><\/a><\/figure>\n<\/div>\n\n\n<h4 class=\"wp-block-heading has-text-align-center\"><a href=\"https:\/\/bethecure.ca\/fr\/ab\/a-propos-de\/recherche\/sante-des-femmes-et-des-enfants\/\" data-type=\"page\" data-id=\"1863\">RECHERCHE SUR LA SANT\u00c9 DES FEMMES ET DES ENFANTS<\/a><\/h4>\n<\/div><\/div>\n<\/div>\n<\/div>\n<\/div><\/div>\n","protected":false},"excerpt":{"rendered":"<p>INSTALLATIONS DE RECHERCHE INSTITUT CARDIOVASCULAIRE LIBIN DE L&rsquo;ALBERTA Le Libin Cardiovascular Institute of Alberta est un institut virtuel qui coordonne et int\u00e8gre la recherche en sciences cardiovasculaires, l&rsquo;enseignement et les soins aux patients dans le sud de l&rsquo;Alberta. L&rsquo;institut assure l&rsquo;\u00e9ducation et la formation des professionnels de la sant\u00e9, des traitements de niveau international et [&#8230;]<\/p>\n<p><a class=\"btn btn-secondary understrap-read-more-link\" href=\"https:\/\/bethecure.ca\/fr\/ab\/a-propos-de\/recherche\/coeur-et-accident-vasculaire-cerebral\/\">Lire la suite\u2026<span class=\"screen-reader-text\"> from Recherche sur les maladies cardiaques et les accidents vasculaires c\u00e9r\u00e9braux<\/span><\/a><\/p>\n","protected":false},"author":3,"featured_media":0,"parent":2114,"menu_order":0,"comment_status":"closed","ping_status":"closed","template":"","meta":{"footnotes":""},"class_list":["post-2115","page","type-page","status-publish","hentry"],"acf":[],"_links":{"self":[{"href":"https:\/\/bethecure.ca\/fr\/wp-json\/wp\/v2\/pages\/2115","targetHints":{"allow":["GET"]}}],"collection":[{"href":"https:\/\/bethecure.ca\/fr\/wp-json\/wp\/v2\/pages"}],"about":[{"href":"https:\/\/bethecure.ca\/fr\/wp-json\/wp\/v2\/types\/page"}],"author":[{"embeddable":true,"href":"https:\/\/bethecure.ca\/fr\/wp-json\/wp\/v2\/users\/3"}],"replies":[{"embeddable":true,"href":"https:\/\/bethecure.ca\/fr\/wp-json\/wp\/v2\/comments?post=2115"}],"version-history":[{"count":0,"href":"https:\/\/bethecure.ca\/fr\/wp-json\/wp\/v2\/pages\/2115\/revisions"}],"up":[{"embeddable":true,"href":"https:\/\/bethecure.ca\/fr\/wp-json\/wp\/v2\/pages\/2114"}],"wp:attachment":[{"href":"https:\/\/bethecure.ca\/fr\/wp-json\/wp\/v2\/media?parent=2115"}],"curies":[{"name":"wp","href":"https:\/\/api.w.org\/{rel}","templated":true}]}}