{"id":2116,"date":"2024-01-05T17:03:56","date_gmt":"2024-01-05T17:03:56","guid":{"rendered":"https:\/\/bethecure.ca\/accueil-alberta\/etudes-de-recherche\/"},"modified":"2024-01-19T20:19:40","modified_gmt":"2024-01-19T20:19:40","slug":"etudes-de-recherche","status":"publish","type":"page","link":"https:\/\/bethecure.ca\/fr\/ab\/etudes-de-recherche\/","title":{"rendered":"\u00c9tudes de recherche"},"content":{"rendered":"\n<h2 class=\"wp-block-heading\">QU&rsquo;EST-CE QUE LA BASE DE DONN\u00c9ES DE RECHERCHE CLINIQUE ?<\/h2>\n\n<p>La base de donn\u00e9es de recherche clinique offre une large gamme d&rsquo;opportunit\u00e9s pour participer \u00e0 des \u00e9tudes de recherche. Les informations sur ces \u00e9tudes proviennent des universit\u00e9s, des instituts et des personnes qui les dirigent. <\/p>\n\n<p>Vous souhaitez vous impliquer autrement qu&rsquo;en participant \u00e0 des \u00e9tudes ? Nous vous recommandons d&rsquo;en savoir plus sur les <a href=\"https:\/\/bethecure.ca\/fr\/home\/opportunites-de-recherche-en-sante\/\">possibilit\u00e9s de recherche dans le domaine de la sant\u00e9<\/a>.<\/p>\n\n<h2 class=\"wp-block-heading\">QUELS TYPES D&rsquo;\u00c9TUDES EXISTENT?<\/h2>\n\n<h4 class=\"wp-block-heading\">\u00c9TUDES OBSERVATIONNELLES<\/h4>\n\n<p>Dans une \u00e9tude observationnelle, les chercheurs recueillent des informations aupr\u00e8s des patients sur une condition m\u00e9dicale, mais ils ne cherchent pas \u00e0 traiter cette condition. Ils comparent souvent leurs r\u00e9sultats avec des donn\u00e9es provenant de volontaires en bonne sant\u00e9. <\/p>\n\n<p>Le but de l&rsquo;\u00e9tude est d&rsquo;aider les chercheurs \u00e0 voir s&rsquo;il existe des diff\u00e9rences entre les groupes de patients, et le cas \u00e9ch\u00e9ant, si la diff\u00e9rence est li\u00e9e \u00e0 la condition qu&rsquo;ils \u00e9tudient. Votre r\u00f4le pourrait \u00eatre en tant que participant avec une condition ou en tant que volontaire en bonne sant\u00e9. <\/p>\n\n<h4 class=\"wp-block-heading\">\u00c9TUDES INTERVENTIONNELLES<\/h4>\n\n<p>Dans une \u00e9tude interventionnelle, les chercheurs examinent une nouvelle proc\u00e9dure, un nouveau traitement ou une nouvelle m\u00e9thode pour d\u00e9terminer sa s\u00e9curit\u00e9 ou son efficacit\u00e9. Cela pourrait aller d&rsquo;une intervention chirurgicale \u00e0 un nouveau m\u00e9dicament ou une nouvelle th\u00e9rapie. Selon l&rsquo;\u00e9tude, l&rsquo;engagement en temps peut \u00eatre aussi grand ou aussi petit que vous le souhaitez.  <\/p>\n\n<p>Comme les \u00e9tudes observationnelles, les \u00e9tudes interventionnelles comparent \u00e9galement deux groupes ou plus pour voir s&rsquo;il y a une diff\u00e9rence apr\u00e8s l&rsquo;intervention. En tant que participant, vous recevriez un traitement et seriez \u00e9tudi\u00e9 pour ses effets sur vous. <\/p>\n\n<h2 class=\"wp-block-heading\">POURQUOI DEVRAIS-JE PARTICIPER?<\/h2>\n\n<p>Participer \u00e0 une \u00e9tude de recherche vous aide \u00e0 comprendre votre sant\u00e9, votre corps et vos conditions de sant\u00e9, si vous en avez. Chaque \u00e9tude fournit de nouvelles informations sur le traitement des conditions et l&rsquo;am\u00e9lioration des soins m\u00e9dicaux. <\/p>\n\n<p>Ce que vous obtenez d&rsquo;une \u00e9tude d\u00e9pend de la proximit\u00e9 de notre compr\u00e9hension de la condition. Participer \u00e0 une \u00e9tude observationnelle pourrait faire progresser notre compr\u00e9hension de votre condition, tandis que participer \u00e0 une \u00e9tude interventionnelle pourrait vous donner acc\u00e8s \u00e0 de nouveaux traitements avant tout le monde. <\/p>\n\n<p>Lorsque vous participez \u00e0 la recherche, vous apprenez comment fonctionne votre syst\u00e8me de soins de sant\u00e9, comment nous pouvons cr\u00e9er de meilleurs m\u00e9dicaments, et comment vous pouvez changer votre propre sant\u00e9. Et vous d\u00e9couvrez comment vous pouvez aider les autres en Alberta, dans tout le Canada et dans le monde entier.<\/p>\n\n<h2 class=\"wp-block-heading\">COMMENT PUIS-JE PARTICIPER?<\/h2>\n\n<p>\u00c0 l&rsquo;heure actuelle, des milliers de recherches actives sont men\u00e9es en Alberta. Consultez la base de donn\u00e9es de recherche clinique et parlez \u00e0 votre m\u00e9decin de votre participation.<\/p>\n\n<div class=\"wp-block-buttons is-layout-flex wp-block-buttons-is-layout-flex\">\n<div class=\"wp-block-button\"><a class=\"wp-block-button__link wp-element-button\" href=\"http:\/\/studies.bethecure.ca\" target=\"_blank\" rel=\"noreferrer noopener\">Trouver des \u00e9tudes<\/a><\/div>\n<\/div>\n\n<div style=\"height:100px\" aria-hidden=\"true\" class=\"wp-block-spacer\"><\/div>\n","protected":false},"excerpt":{"rendered":"<p>QU&rsquo;EST-CE QUE LA BASE DE DONN\u00c9ES DE RECHERCHE CLINIQUE ? La base de donn\u00e9es de recherche clinique offre une large gamme d&rsquo;opportunit\u00e9s pour participer \u00e0 des \u00e9tudes de recherche. Les informations sur ces \u00e9tudes proviennent des universit\u00e9s, des instituts et des personnes qui les dirigent. Vous souhaitez vous impliquer autrement qu&rsquo;en participant \u00e0 des \u00e9tudes [&#8230;]<\/p>\n<p><a class=\"btn btn-secondary understrap-read-more-link\" href=\"https:\/\/bethecure.ca\/fr\/ab\/etudes-de-recherche\/\">Lire la suite\u2026<span class=\"screen-reader-text\"> from \u00c9tudes de recherche<\/span><\/a><\/p>\n","protected":false},"author":2,"featured_media":0,"parent":2112,"menu_order":0,"comment_status":"closed","ping_status":"closed","template":"","meta":{"footnotes":""},"class_list":["post-2116","page","type-page","status-publish","hentry"],"acf":[],"_links":{"self":[{"href":"https:\/\/bethecure.ca\/fr\/wp-json\/wp\/v2\/pages\/2116","targetHints":{"allow":["GET"]}}],"collection":[{"href":"https:\/\/bethecure.ca\/fr\/wp-json\/wp\/v2\/pages"}],"about":[{"href":"https:\/\/bethecure.ca\/fr\/wp-json\/wp\/v2\/types\/page"}],"author":[{"embeddable":true,"href":"https:\/\/bethecure.ca\/fr\/wp-json\/wp\/v2\/users\/2"}],"replies":[{"embeddable":true,"href":"https:\/\/bethecure.ca\/fr\/wp-json\/wp\/v2\/comments?post=2116"}],"version-history":[{"count":0,"href":"https:\/\/bethecure.ca\/fr\/wp-json\/wp\/v2\/pages\/2116\/revisions"}],"up":[{"embeddable":true,"href":"https:\/\/bethecure.ca\/fr\/wp-json\/wp\/v2\/pages\/2112"}],"wp:attachment":[{"href":"https:\/\/bethecure.ca\/fr\/wp-json\/wp\/v2\/media?parent=2116"}],"curies":[{"name":"wp","href":"https:\/\/api.w.org\/{rel}","templated":true}]}}