{"id":2117,"date":"2023-12-18T20:21:11","date_gmt":"2023-12-18T20:21:11","guid":{"rendered":"https:\/\/bethecure.ca\/a-propos\/recherche\/recherche-sur-la-sante-des-femmes-et-des-enfants\/"},"modified":"2024-01-26T19:27:10","modified_gmt":"2024-01-26T19:27:10","slug":"sante-des-femmes-et-des-enfants","status":"publish","type":"page","link":"https:\/\/bethecure.ca\/fr\/ab\/a-propos-de\/recherche\/sante-des-femmes-et-des-enfants\/","title":{"rendered":"Recherche sur la sant\u00e9 des femmes et des enfants"},"content":{"rendered":"\n<div class=\"wp-block-group\"><div class=\"wp-block-group__inner-container is-layout-constrained wp-block-group-is-layout-constrained\">\n<h2 class=\"wp-block-heading has-text-align-center\">INSTITUT DE RECHERCHE SUR LA SANT\u00c9 DES FEMMES ET DES ENFANTS<\/h2>\n\n\n\n<p>Le <a href=\"http:\/\/www.wchri.org\/\" target=\"_blank\" rel=\"noreferrer noopener\">WCHRI<\/a> a \u00e9t\u00e9 fond\u00e9 en 2006 dans le cadre d&rsquo;un partenariat entre l&rsquo;universit\u00e9 de l&rsquo;Alberta et les services de sant\u00e9 de l&rsquo;Alberta, avec un financement de base de la <a href=\"https:\/\/www.stollerykids.com\/\" target=\"_blank\" rel=\"noreferrer noopener\">Stollery Children&rsquo;s Hospital Foundation<\/a> et de la <a href=\"http:\/\/www.royalalex.org\/\" target=\"_blank\" rel=\"noreferrer noopener\">Royal Alexandra Hospital Foundation<\/a>. L&rsquo;organisation est le seul institut au Canada qui soutient la recherche sur la sant\u00e9 des femmes et des enfants.<\/p>\n\n\n\n<p>L&rsquo;institut est compos\u00e9 de plus de 400 chercheurs de premier plan qui s&rsquo;int\u00e9ressent de pr\u00e8s \u00e0 la sant\u00e9 et au bien-\u00eatre des femmes et des enfants. Gr\u00e2ce \u00e0 la g\u00e9n\u00e9rosit\u00e9 de ses bailleurs de fonds, le WCHRI peut soutenir une s\u00e9rie de programmes de recherche ax\u00e9s sur l&rsquo;am\u00e9lioration de la sant\u00e9 p\u00e9rinatale, de la sant\u00e9 des enfants et de la sant\u00e9 des femmes.<\/p>\n<\/div><\/div>\n\n<div class=\"wp-block-group narrow_width\"><div class=\"wp-block-group__inner-container is-layout-constrained wp-block-group-is-layout-constrained\">\n<h2 class=\"wp-block-heading has-text-align-center\">INSTALLATIONS DE RECHERCHE<\/h2>\n\n\n\n<div class=\"wp-block-columns is-layout-flex wp-container-core-columns-is-layout-9d6595d7 wp-block-columns-is-layout-flex\">\n<div class=\"wp-block-column is-layout-flow wp-block-column-is-layout-flow\">\n<h3 class=\"wp-block-heading\">H\u00d4PITAL POUR ENFANTS DE L&rsquo;ALBERTA<\/h3>\n\n\n\n<p>L&rsquo;Alberta Children&rsquo;s Hospital est un \u00e9tablissement p\u00e9diatrique de classe mondiale qui soigne chaque ann\u00e9e plus de 90 000 enfants et familles. Situ\u00e9 \u00e0 Calgary, c&rsquo;est le plus grand h\u00f4pital public pour enfants malades des provinces des Prairies.<\/p>\n\n\n\n<h3 class=\"wp-block-heading\">H\u00d4PITAL POUR FEMMES LOIS HOLE<\/h3>\n\n\n\n<p>Le Lois Hole Hospital for Women offre des soins aux femmes \u00e0 tous les stades de leur vie, y compris des soins de maternit\u00e9 et d&rsquo;obst\u00e9trique et des interventions chirurgicales pour les cancers de l&rsquo;ovaire, du col de l&rsquo;ut\u00e9rus et d&rsquo;autres cancers gyn\u00e9cologiques. Il est \u00e9galement \u00e0 la pointe des nouveaux traitements pour les troubles urogyn\u00e9cologiques et les troubles du plancher pelvien.<\/p>\n<\/div>\n\n\n\n<div class=\"wp-block-column is-layout-flow wp-block-column-is-layout-flow\">\n<figure class=\"wp-block-image size-full\"><img loading=\"lazy\" decoding=\"async\" width=\"500\" height=\"375\" src=\"https:\/\/bethecureprod.wpenginepowered.com\/wp-content\/uploads\/2023\/12\/AbChildrens.jpg\" alt=\"\" class=\"wp-image-1867\" srcset=\"https:\/\/bethecure.ca\/wp-content\/uploads\/2023\/12\/AbChildrens.jpg 500w, https:\/\/bethecure.ca\/wp-content\/uploads\/2023\/12\/AbChildrens-300x225.jpg 300w\" sizes=\"auto, (max-width: 500px) 100vw, 500px\" \/><\/figure>\n<\/div>\n<\/div>\n\n\n\n<div class=\"wp-block-columns is-layout-flex wp-container-core-columns-is-layout-9d6595d7 wp-block-columns-is-layout-flex\">\n<div class=\"wp-block-column is-layout-flow wp-block-column-is-layout-flow\">\n<figure class=\"wp-block-image size-full\"><img loading=\"lazy\" decoding=\"async\" width=\"500\" height=\"375\" src=\"https:\/\/bethecureprod.wpenginepowered.com\/wp-content\/uploads\/2023\/12\/Stollery.jpg\" alt=\"\" class=\"wp-image-1868\" srcset=\"https:\/\/bethecure.ca\/wp-content\/uploads\/2023\/12\/Stollery.jpg 500w, https:\/\/bethecure.ca\/wp-content\/uploads\/2023\/12\/Stollery-300x225.jpg 300w\" sizes=\"auto, (max-width: 500px) 100vw, 500px\" \/><\/figure>\n<\/div>\n\n\n\n<div class=\"wp-block-column is-layout-flow wp-block-column-is-layout-flow\">\n<h3 class=\"wp-block-heading\">H\u00d4PITAL POUR ENFANTS DE STOLLERY<\/h3>\n\n\n\n<p>Le Stollery est un h\u00f4pital pour enfants sp\u00e9cialis\u00e9 dans la chirurgie cardiaque et les transplantations d&rsquo;organes majeurs, situ\u00e9 \u00e0 Edmonton, en Alberta. Il comprend des unit\u00e9s de soins intensifs n\u00e9onatals et p\u00e9diatriques, un programme de thrombose p\u00e9diatrique et un certain nombre d&rsquo;autres cliniques pour enfants.<\/p>\n\n\n\n<p>L&rsquo;h\u00f4pital fait partie du R\u00e9seau n\u00e9onatal canadien et r\u00e9alise plus de 9 000 interventions chirurgicales par an. Il a \u00e9t\u00e9 le premier h\u00f4pital au Canada \u00e0 effectuer une transplantation d&rsquo;\u00eelots de Langerhans chez l&rsquo;enfant et est un centre de r\u00e9f\u00e9rence majeur pour le c\u0153ur de Berlin.<\/p>\n<\/div>\n<\/div>\n<\/div><\/div>\n\n<h2 class=\"wp-block-heading has-text-align-center\">PLEINS FEUX SUR LA RECHERCHE<\/h2>\n\n<div class=\"wp-block-columns narrow_width is-layout-flex wp-container-core-columns-is-layout-9d6595d7 wp-block-columns-is-layout-flex\">\n<div class=\"wp-block-column is-layout-flow wp-block-column-is-layout-flow\" style=\"flex-basis:50%\">\n<figure class=\"wp-block-embed is-type-video is-provider-vimeo wp-block-embed-vimeo wp-embed-aspect-16-9 wp-has-aspect-ratio\"><div class=\"wp-block-embed__wrapper\">\n<iframe loading=\"lazy\" title=\"Laura&#039;s Story\" src=\"https:\/\/player.vimeo.com\/video\/187572094?dnt=1&amp;app_id=122963\" width=\"640\" height=\"360\" frameborder=\"0\" allow=\"autoplay; fullscreen; picture-in-picture; clipboard-write\"><\/iframe>\n<\/div><\/figure>\n<\/div>\n\n\n\n<div class=\"wp-block-column is-layout-flow wp-block-column-is-layout-flow\" style=\"flex-basis:50%\">\n<h3 class=\"wp-block-heading\">LAURA SAUNDERS<\/h3>\n\n\n\n<p><strong>\u00ab\u00a0En tant que parent de deux tr\u00e8s jeunes enfants, ma voix compte.<\/strong><\/p>\n\n\n\n<p>Laura a particip\u00e9 \u00e0 une \u00e9tude visant \u00e0 am\u00e9liorer la communication entre les m\u00e9decins, les patients p\u00e9diatriques et leurs familles. L&rsquo;\u00e9tude lui a montr\u00e9 l&rsquo;importance de sa contribution \u00e0 l&rsquo;orientation des soins de sant\u00e9 pour ses enfants et pour elle-m\u00eame.<\/p>\n\n\n\n<div class=\"wp-block-buttons is-content-justification-left is-layout-flex wp-container-core-buttons-is-layout-fdcfc74e wp-block-buttons-is-layout-flex\">\n<div class=\"wp-block-button\"><a class=\"wp-block-button__link wp-element-button\">Voir plus d&rsquo;histoires<\/a><\/div>\n<\/div>\n<\/div>\n<\/div>\n\n<div class=\"wp-block-group narrow_width research_block\"><div class=\"wp-block-group__inner-container is-layout-constrained wp-block-group-is-layout-constrained\">\n<div style=\"height:50px\" aria-hidden=\"true\" class=\"wp-block-spacer\"><\/div>\n\n\n\n<h3 class=\"wp-block-heading has-text-align-center\">EN SAVOIR PLUS SUR LA RECHERCHE EN ALBERTA<\/h3>\n\n\n\n<div class=\"wp-block-columns is-layout-flex wp-container-core-columns-is-layout-9d6595d7 wp-block-columns-is-layout-flex\">\n<div class=\"wp-block-column is-layout-flow wp-block-column-is-layout-flow\">\n<div class=\"wp-block-group\"><div class=\"wp-block-group__inner-container is-layout-constrained wp-block-group-is-layout-constrained\"><div class=\"wp-block-image\">\n<figure class=\"aligncenter size-full is-resized\"><a href=\"https:\/\/bethecureprod.wpenginepowered.com\/about\/research\/cancer\/\"><img loading=\"lazy\" decoding=\"async\" width=\"212\" height=\"212\" src=\"https:\/\/bethecureprod.wpenginepowered.com\/wp-content\/uploads\/2023\/12\/CancerResearchIcon.png\" alt=\"\" class=\"wp-image-1834\" style=\"width:auto;height:110px\" srcset=\"https:\/\/bethecure.ca\/wp-content\/uploads\/2023\/12\/CancerResearchIcon.png 212w, https:\/\/bethecure.ca\/wp-content\/uploads\/2023\/12\/CancerResearchIcon-150x150.png 150w\" sizes=\"auto, (max-width: 212px) 100vw, 212px\" \/><\/a><\/figure>\n<\/div>\n\n\n<h4 class=\"wp-block-heading has-text-align-center\"><a href=\"https:\/\/bethecure.ca\/fr\/ab\/a-propos-de\/recherche\/cancer\/\" data-type=\"page\" data-id=\"1857\">RECHERCHE SUR LE CANCER<\/a><\/h4>\n<\/div><\/div>\n<\/div>\n\n\n\n<div class=\"wp-block-column is-layout-flow wp-block-column-is-layout-flow\">\n<div class=\"wp-block-group\"><div class=\"wp-block-group__inner-container is-layout-constrained wp-block-group-is-layout-constrained\"><div class=\"wp-block-image\">\n<figure class=\"aligncenter size-full is-resized\"><a href=\"https:\/\/bethecureprod.wpenginepowered.com\/about\/research\/gastrointestinal-health\/\"><img loading=\"lazy\" decoding=\"async\" width=\"212\" height=\"212\" src=\"https:\/\/bethecureprod.wpenginepowered.com\/wp-content\/uploads\/2023\/12\/GastroIcon.png\" alt=\"\" class=\"wp-image-1835\" style=\"width:auto;height:110px\" srcset=\"https:\/\/bethecure.ca\/wp-content\/uploads\/2023\/12\/GastroIcon.png 212w, https:\/\/bethecure.ca\/wp-content\/uploads\/2023\/12\/GastroIcon-150x150.png 150w\" sizes=\"auto, (max-width: 212px) 100vw, 212px\" \/><\/a><\/figure>\n<\/div>\n\n\n<h4 class=\"wp-block-heading has-text-align-center\"><a href=\"https:\/\/bethecure.ca\/fr\/ab\/a-propos-de\/recherche\/recherche-sur-la-sante-gastro-intestinale\/\" data-type=\"page\" data-id=\"1869\">RECHERCHE SUR LA SANT\u00c9 GASTRO-INTESTINALE<\/a><\/h4>\n<\/div><\/div>\n<\/div>\n\n\n\n<div class=\"wp-block-column is-layout-flow wp-block-column-is-layout-flow\">\n<div class=\"wp-block-group\"><div class=\"wp-block-group__inner-container is-layout-constrained wp-block-group-is-layout-constrained\"><div class=\"wp-block-image\">\n<figure class=\"aligncenter size-full is-resized\"><a href=\"https:\/\/bethecureprod.wpenginepowered.com\/about\/research\/heart-and-stroke\/\"><img loading=\"lazy\" decoding=\"async\" width=\"212\" height=\"212\" src=\"https:\/\/bethecureprod.wpenginepowered.com\/wp-content\/uploads\/2023\/12\/HeartStrokeIcon.png\" alt=\"\" class=\"wp-image-1833\" style=\"width:auto;height:110px\" srcset=\"https:\/\/bethecure.ca\/wp-content\/uploads\/2023\/12\/HeartStrokeIcon.png 212w, https:\/\/bethecure.ca\/wp-content\/uploads\/2023\/12\/HeartStrokeIcon-150x150.png 150w\" sizes=\"auto, (max-width: 212px) 100vw, 212px\" \/><\/a><\/figure>\n<\/div>\n\n\n<h4 class=\"wp-block-heading has-text-align-center\"><a href=\"https:\/\/bethecure.ca\/fr\/ab\/a-propos-de\/recherche\/recherche-sur-les-maladies-cardiaques-et-les-accidents-vasculaires-cerebraux\/\" data-type=\"page\" data-id=\"1871\">RECHERCHE SUR LES MALADIES CARDIAQUES ET LES ACCIDENTS VASCULAIRES C\u00c9R\u00c9BRAUX<\/a><\/h4>\n<\/div><\/div>\n<\/div>\n<\/div>\n<\/div><\/div>\n","protected":false},"excerpt":{"rendered":"<p>INSTITUT DE RECHERCHE SUR LA SANT\u00c9 DES FEMMES ET DES ENFANTS Le WCHRI a \u00e9t\u00e9 fond\u00e9 en 2006 dans le cadre d&rsquo;un partenariat entre l&rsquo;universit\u00e9 de l&rsquo;Alberta et les services de sant\u00e9 de l&rsquo;Alberta, avec un financement de base de la Stollery Children&rsquo;s Hospital Foundation et de la Royal Alexandra Hospital Foundation. L&rsquo;organisation est le [&#8230;]<\/p>\n<p><a class=\"btn btn-secondary understrap-read-more-link\" href=\"https:\/\/bethecure.ca\/fr\/ab\/a-propos-de\/recherche\/sante-des-femmes-et-des-enfants\/\">Lire la suite\u2026<span class=\"screen-reader-text\"> from Recherche sur la sant\u00e9 des femmes et des enfants<\/span><\/a><\/p>\n","protected":false},"author":3,"featured_media":0,"parent":2114,"menu_order":0,"comment_status":"closed","ping_status":"closed","template":"","meta":{"footnotes":""},"class_list":["post-2117","page","type-page","status-publish","hentry"],"acf":[],"_links":{"self":[{"href":"https:\/\/bethecure.ca\/fr\/wp-json\/wp\/v2\/pages\/2117","targetHints":{"allow":["GET"]}}],"collection":[{"href":"https:\/\/bethecure.ca\/fr\/wp-json\/wp\/v2\/pages"}],"about":[{"href":"https:\/\/bethecure.ca\/fr\/wp-json\/wp\/v2\/types\/page"}],"author":[{"embeddable":true,"href":"https:\/\/bethecure.ca\/fr\/wp-json\/wp\/v2\/users\/3"}],"replies":[{"embeddable":true,"href":"https:\/\/bethecure.ca\/fr\/wp-json\/wp\/v2\/comments?post=2117"}],"version-history":[{"count":0,"href":"https:\/\/bethecure.ca\/fr\/wp-json\/wp\/v2\/pages\/2117\/revisions"}],"up":[{"embeddable":true,"href":"https:\/\/bethecure.ca\/fr\/wp-json\/wp\/v2\/pages\/2114"}],"wp:attachment":[{"href":"https:\/\/bethecure.ca\/fr\/wp-json\/wp\/v2\/media?parent=2117"}],"curies":[{"name":"wp","href":"https:\/\/api.w.org\/{rel}","templated":true}]}}