{"id":2118,"date":"2023-12-18T20:39:35","date_gmt":"2023-12-18T20:39:35","guid":{"rendered":"https:\/\/bethecure.ca\/a-propos\/recherche\/recherche-sur-la-sante-gastro-intestinale\/"},"modified":"2024-01-26T19:27:10","modified_gmt":"2024-01-26T19:27:10","slug":"sante-gastro-intestinale","status":"publish","type":"page","link":"https:\/\/bethecure.ca\/fr\/ab\/a-propos-de\/recherche\/sante-gastro-intestinale\/","title":{"rendered":"Recherche sur la sant\u00e9 gastro-intestinale"},"content":{"rendered":"\n<div class=\"wp-block-group narrow_width\"><div class=\"wp-block-group__inner-container is-layout-constrained wp-block-group-is-layout-constrained\">\n<h2 class=\"wp-block-heading has-text-align-center\">INSTALLATIONS DE RECHERCHE<\/h2>\n\n\n\n<div class=\"wp-block-columns is-layout-flex wp-container-core-columns-is-layout-9d6595d7 wp-block-columns-is-layout-flex\">\n<div class=\"wp-block-column is-layout-flow wp-block-column-is-layout-flow\">\n<h2 class=\"wp-block-heading\">LE CENTRE D&rsquo;EXCELLENCE POUR LA RECHERCHE SUR L&rsquo;INFLAMMATION ET L&rsquo;IMMUNIT\u00c9 GASTRO-INTESTINALES (CEGIIR)<\/h2>\n\n\n\n<p>\u00c0 l&rsquo;heure actuelle, il est difficile de dire pourquoi les gens contractent des maladies gastro-intestinales, comment elles deviennent des maladies chroniques ou comment elles conduisent au cancer. Le CEGIIR travaille d&rsquo;arrache-pied pour changer cela. Ils \u00e9tudient les affections gastro-intestinales afin d&rsquo;am\u00e9liorer la recherche, de trouver de meilleurs traitements et d&rsquo;am\u00e9liorer la vie des patients.<\/p>\n<\/div>\n\n\n\n<div class=\"wp-block-column is-layout-flow wp-block-column-is-layout-flow\">\n<p>L&rsquo;\u00e9quipe de scientifiques du CEGIIR se concentre sur les domaines suivants.<\/p>\n\n\n\n<ul class=\"wp-block-list\" style=\"font-size:18px\">\n<li>Troubles gastro-intestinaux inflammatoires<\/li>\n\n\n\n<li>Dyspepsie non ulc\u00e9reuse<\/li>\n\n\n\n<li>Infection gastrique par <em>Helicobacter pylori<\/em><\/li>\n\n\n\n<li>MII, y compris la colite ulc\u00e9reuse et la maladie de Crohn<\/li>\n\n\n\n<li>Affections h\u00e9patiques et biliaires d&rsquo;origine virale<\/li>\n\n\n\n<li>Cancers gastro-intestinaux<\/li>\n<\/ul>\n<\/div>\n<\/div>\n\n\n\n<div class=\"wp-block-columns is-layout-flex wp-container-core-columns-is-layout-9d6595d7 wp-block-columns-is-layout-flex\">\n<div class=\"wp-block-column is-layout-flow wp-block-column-is-layout-flow\">\n<h2 class=\"wp-block-heading\">LE CENTRE DE SANT\u00c9 ET DE RECHERCHE EN GASTROENT\u00c9ROLOGIE ZEIDLER<\/h2>\n\n\n\n<p>Inaugur\u00e9 en 2006, le Zeidler Gastroenterology Health and Research Centre de l&rsquo;Universit\u00e9 de l&rsquo;Alberta est le premier \u00e9tablissement clinique au Canada d\u00e9di\u00e9 aux soins et \u00e0 la recherche en gastro-ent\u00e9rologie.<\/p>\n\n\n\n<p>  Le Centre Zeidler est \u00e0 la pointe de la d\u00e9couverte, du d\u00e9veloppement de traitements et de la formation des m\u00e9decins et des chercheurs. Un grand nombre des nouveaux m\u00e9dicaments, outils et traitements utilis\u00e9s en gastro-ent\u00e9rologie ont \u00e9t\u00e9 \u00e9valu\u00e9s, test\u00e9s et d\u00e9velopp\u00e9s au centre.<\/p>\n<\/div>\n\n\n\n<div class=\"wp-block-column is-layout-flow wp-block-column-is-layout-flow\">\n<figure class=\"wp-block-image size-full\"><img loading=\"lazy\" decoding=\"async\" width=\"500\" height=\"375\" src=\"https:\/\/bethecureprod.wpenginepowered.com\/wp-content\/uploads\/2023\/12\/Zeidler.jpg\" alt=\"\" class=\"wp-image-1882\" srcset=\"https:\/\/bethecure.ca\/wp-content\/uploads\/2023\/12\/Zeidler.jpg 500w, https:\/\/bethecure.ca\/wp-content\/uploads\/2023\/12\/Zeidler-300x225.jpg 300w\" sizes=\"auto, (max-width: 500px) 100vw, 500px\" \/><\/figure>\n<\/div>\n<\/div>\n<\/div><\/div>\n\n<h2 class=\"wp-block-heading has-text-align-center\">PLEINS FEUX SUR LA RECHERCHE<\/h2>\n\n<div class=\"wp-block-columns narrow_width is-layout-flex wp-container-core-columns-is-layout-9d6595d7 wp-block-columns-is-layout-flex\">\n<div class=\"wp-block-column is-layout-flow wp-block-column-is-layout-flow\" style=\"flex-basis:50%\">\n<figure class=\"wp-block-embed is-type-video is-provider-vimeo wp-block-embed-vimeo wp-embed-aspect-16-9 wp-has-aspect-ratio\"><div class=\"wp-block-embed__wrapper\">\n<iframe loading=\"lazy\" title=\"Research Interview: Dina Kao\" src=\"https:\/\/player.vimeo.com\/video\/353430724?dnt=1&amp;app_id=122963\" width=\"640\" height=\"360\" frameborder=\"0\" allow=\"autoplay; fullscreen; picture-in-picture; clipboard-write\"><\/iframe>\n<\/div><\/figure>\n<\/div>\n\n\n\n<div class=\"wp-block-column is-layout-flow wp-block-column-is-layout-flow\" style=\"flex-basis:50%\">\n<h3 class=\"wp-block-heading\">DINA KAO<\/h3>\n\n\n\n<p><strong>\u00ab\u00a0Pour mener des recherches, nous avons besoin de la participation des patients.<\/strong><\/p>\n\n\n\n<p>Dina Kao est une gastro-ent\u00e9rologue qui s&rsquo;est retrouv\u00e9e \u00e0 \u00e9tudier l&rsquo;infection \u00e0 Clostridium difficile. Elle estime que si l&rsquo;Alberta se pr\u00eate id\u00e9alement \u00e0 la recherche dans le domaine de la sant\u00e9, nous avons surtout besoin de la participation des patients.<\/p>\n\n\n\n<div class=\"wp-block-buttons is-content-justification-left is-layout-flex wp-container-core-buttons-is-layout-fdcfc74e wp-block-buttons-is-layout-flex\">\n<div class=\"wp-block-button\"><a class=\"wp-block-button__link wp-element-button\">Voir plus d&rsquo;histoires<\/a><\/div>\n<\/div>\n<\/div>\n<\/div>\n\n<div class=\"wp-block-group narrow_width research_block\"><div class=\"wp-block-group__inner-container is-layout-constrained wp-block-group-is-layout-constrained\">\n<div style=\"height:50px\" aria-hidden=\"true\" class=\"wp-block-spacer\"><\/div>\n\n\n\n<h3 class=\"wp-block-heading has-text-align-center\">EN SAVOIR PLUS SUR LA RECHERCHE EN ALBERTA<\/h3>\n\n\n\n<div class=\"wp-block-columns is-layout-flex wp-container-core-columns-is-layout-9d6595d7 wp-block-columns-is-layout-flex\">\n<div class=\"wp-block-column is-layout-flow wp-block-column-is-layout-flow\">\n<div class=\"wp-block-group\"><div class=\"wp-block-group__inner-container is-layout-constrained wp-block-group-is-layout-constrained\"><div class=\"wp-block-image\">\n<figure class=\"aligncenter size-full is-resized\"><a href=\"https:\/\/bethecureprod.wpenginepowered.com\/about\/research\/cancer\/\"><img loading=\"lazy\" decoding=\"async\" width=\"212\" height=\"212\" src=\"https:\/\/bethecureprod.wpenginepowered.com\/wp-content\/uploads\/2023\/12\/CancerResearchIcon.png\" alt=\"\" class=\"wp-image-1834\" style=\"width:auto;height:110px\" srcset=\"https:\/\/bethecure.ca\/wp-content\/uploads\/2023\/12\/CancerResearchIcon.png 212w, https:\/\/bethecure.ca\/wp-content\/uploads\/2023\/12\/CancerResearchIcon-150x150.png 150w\" sizes=\"auto, (max-width: 212px) 100vw, 212px\" \/><\/a><\/figure>\n<\/div>\n\n\n<h4 class=\"wp-block-heading has-text-align-center\"><a href=\"https:\/\/bethecure.ca\/fr\/ab\/a-propos-de\/recherche\/cancer\/\" data-type=\"page\" data-id=\"1857\">RECHERCHE SUR LE CANCER<\/a><\/h4>\n<\/div><\/div>\n<\/div>\n\n\n\n<div class=\"wp-block-column is-layout-flow wp-block-column-is-layout-flow\">\n<div class=\"wp-block-group\"><div class=\"wp-block-group__inner-container is-layout-constrained wp-block-group-is-layout-constrained\"><div class=\"wp-block-image\">\n<figure class=\"aligncenter size-full is-resized\"><a href=\"https:\/\/bethecureprod.wpenginepowered.com\/about\/research\/womens-childrens-health\/\"><img loading=\"lazy\" decoding=\"async\" width=\"212\" height=\"212\" src=\"https:\/\/bethecureprod.wpenginepowered.com\/wp-content\/uploads\/2023\/12\/WomenChildrenIcon.png\" alt=\"\" class=\"wp-image-1836\" style=\"width:auto;height:110px\" srcset=\"https:\/\/bethecure.ca\/wp-content\/uploads\/2023\/12\/WomenChildrenIcon.png 212w, https:\/\/bethecure.ca\/wp-content\/uploads\/2023\/12\/WomenChildrenIcon-150x150.png 150w\" sizes=\"auto, (max-width: 212px) 100vw, 212px\" \/><\/a><\/figure>\n<\/div>\n\n\n<h4 class=\"wp-block-heading has-text-align-center\"><a href=\"https:\/\/bethecure.ca\/fr\/ab\/a-propos-de\/recherche\/sante-des-femmes-et-des-enfants\/\" data-type=\"page\" data-id=\"1863\">RECHERCHE SUR LA SANT\u00c9 DES FEMMES ET DES ENFANTS<\/a><\/h4>\n<\/div><\/div>\n<\/div>\n\n\n\n<div class=\"wp-block-column is-layout-flow wp-block-column-is-layout-flow\">\n<div class=\"wp-block-group\"><div class=\"wp-block-group__inner-container is-layout-constrained wp-block-group-is-layout-constrained\"><div class=\"wp-block-image\">\n<figure class=\"aligncenter size-full is-resized\"><a href=\"https:\/\/bethecureprod.wpenginepowered.com\/about\/research\/heart-and-stroke\/\"><img loading=\"lazy\" decoding=\"async\" width=\"212\" height=\"212\" src=\"https:\/\/bethecureprod.wpenginepowered.com\/wp-content\/uploads\/2023\/12\/HeartStrokeIcon.png\" alt=\"\" class=\"wp-image-1833\" style=\"width:auto;height:110px\" srcset=\"https:\/\/bethecure.ca\/wp-content\/uploads\/2023\/12\/HeartStrokeIcon.png 212w, https:\/\/bethecure.ca\/wp-content\/uploads\/2023\/12\/HeartStrokeIcon-150x150.png 150w\" sizes=\"auto, (max-width: 212px) 100vw, 212px\" \/><\/a><\/figure>\n<\/div>\n\n\n<h4 class=\"wp-block-heading has-text-align-center\"><a href=\"https:\/\/bethecureprod.wpenginepowered.com\/ab\/about\/research\/heart-and-stroke\/\" data-type=\"page\" data-id=\"1871\">C\u0152UR ET ACCIDENT VASCULAIRE C\u00c9R\u00c9BRAL <\/a><a href=\"https:\/\/bethecure.ca\/fr\/ab\/a-propos-de\/recherche\/coeur-et-accident-vasculaire-cerebral\/\" data-type=\"page\" data-id=\"1871\">RECHERCHE<\/a><\/h4>\n<\/div><\/div>\n<\/div>\n<\/div>\n<\/div><\/div>\n","protected":false},"excerpt":{"rendered":"<p>INSTALLATIONS DE RECHERCHE LE CENTRE D&rsquo;EXCELLENCE POUR LA RECHERCHE SUR L&rsquo;INFLAMMATION ET L&rsquo;IMMUNIT\u00c9 GASTRO-INTESTINALES (CEGIIR) \u00c0 l&rsquo;heure actuelle, il est difficile de dire pourquoi les gens contractent des maladies gastro-intestinales, comment elles deviennent des maladies chroniques ou comment elles conduisent au cancer. Le CEGIIR travaille d&rsquo;arrache-pied pour changer cela. Ils \u00e9tudient les affections gastro-intestinales afin [&#8230;]<\/p>\n<p><a class=\"btn btn-secondary understrap-read-more-link\" href=\"https:\/\/bethecure.ca\/fr\/ab\/a-propos-de\/recherche\/sante-gastro-intestinale\/\">Lire la suite\u2026<span class=\"screen-reader-text\"> from Recherche sur la sant\u00e9 gastro-intestinale<\/span><\/a><\/p>\n","protected":false},"author":3,"featured_media":0,"parent":2114,"menu_order":0,"comment_status":"closed","ping_status":"closed","template":"","meta":{"footnotes":""},"class_list":["post-2118","page","type-page","status-publish","hentry"],"acf":[],"_links":{"self":[{"href":"https:\/\/bethecure.ca\/fr\/wp-json\/wp\/v2\/pages\/2118","targetHints":{"allow":["GET"]}}],"collection":[{"href":"https:\/\/bethecure.ca\/fr\/wp-json\/wp\/v2\/pages"}],"about":[{"href":"https:\/\/bethecure.ca\/fr\/wp-json\/wp\/v2\/types\/page"}],"author":[{"embeddable":true,"href":"https:\/\/bethecure.ca\/fr\/wp-json\/wp\/v2\/users\/3"}],"replies":[{"embeddable":true,"href":"https:\/\/bethecure.ca\/fr\/wp-json\/wp\/v2\/comments?post=2118"}],"version-history":[{"count":0,"href":"https:\/\/bethecure.ca\/fr\/wp-json\/wp\/v2\/pages\/2118\/revisions"}],"up":[{"embeddable":true,"href":"https:\/\/bethecure.ca\/fr\/wp-json\/wp\/v2\/pages\/2114"}],"wp:attachment":[{"href":"https:\/\/bethecure.ca\/fr\/wp-json\/wp\/v2\/media?parent=2118"}],"curies":[{"name":"wp","href":"https:\/\/api.w.org\/{rel}","templated":true}]}}