{"id":2119,"date":"2023-12-18T19:48:45","date_gmt":"2023-12-18T19:48:45","guid":{"rendered":"https:\/\/bethecure.ca\/a-propos\/recherche\/recherche-sur-le-cancer\/"},"modified":"2024-01-26T19:27:09","modified_gmt":"2024-01-26T19:27:09","slug":"cancer","status":"publish","type":"page","link":"https:\/\/bethecure.ca\/fr\/ab\/a-propos-de\/recherche\/cancer\/","title":{"rendered":"Recherche sur le cancer"},"content":{"rendered":"\n<div class=\"wp-block-group narrow_width\"><div class=\"wp-block-group__inner-container is-layout-constrained wp-block-group-is-layout-constrained\">\n<h2 class=\"wp-block-heading has-text-align-center has-text-color has-link-color wp-elements-b4e24c94edf349122353a87113a0b8bc\" style=\"color:#363636\">INSTALLATIONS DE RECHERCHE<\/h2>\n\n\n\n<div class=\"wp-block-columns is-layout-flex wp-container-core-columns-is-layout-9d6595d7 wp-block-columns-is-layout-flex\">\n<div class=\"wp-block-column is-layout-flow wp-block-column-is-layout-flow\">\n<h2 class=\"wp-block-heading has-text-color has-link-color wp-elements-78c93a98ade5ceb2b30a3ddd90dd1f64\" style=\"color:#0092aa\">CENTRE DE CANC\u00c9ROLOGIE TOM BAKER<\/h2>\n\n\n\n<p>Le Tom Baker Cancer Centre de Calgary est le centre de canc\u00e9rologie tertiaire du sud de l&rsquo;Alberta et un chef de file en mati\u00e8re de recherche innovante sur le cancer, de pr\u00e9vention, de traitement et d&rsquo;initiatives de soins dans la province et au-del\u00e0.<\/p>\n\n\n\n<p>Le centre fournit des soins m\u00e9dicaux avanc\u00e9s et des soins de soutien en canc\u00e9rologie, une formation aux patients et aux professionnels, et m\u00e8ne des recherches par l&rsquo;interm\u00e9diaire de l&rsquo;Institut de recherche sur le cancer de l&rsquo;Alberta.<\/p>\n<\/div>\n\n\n\n<div class=\"wp-block-column is-layout-flow wp-block-column-is-layout-flow\">\n<h2 class=\"wp-block-heading has-text-color has-link-color wp-elements-d34ce4dae3c5ef6dd6c9e1a13f70e316\" style=\"color:#0092aa\">CROSS CANCER INSTITUTE<\/h2>\n\n\n\n<p>Le Cross Cancer Institute est le principal centre de pr\u00e9vention, de recherche et de traitement du cancer dans le nord de l&rsquo;Alberta. Le centre offre des services d&rsquo;hospitalisation et de consultation externe, des soins m\u00e9dicaux avanc\u00e9s et une assistance, ainsi qu&rsquo;une formation pour les patients et les m\u00e9decins.<\/p>\n\n\n\n<p>L&rsquo;ICC dispose \u00e9galement d&rsquo;une unit\u00e9 d&rsquo;essais cliniques (CTU), un programme actif d&rsquo;essais cliniques avec 60 chercheurs, 56 infirmi\u00e8res et coordinateurs d&rsquo;essais, ainsi que des soins et des \u00e9quipements de pointe.<\/p>\n<\/div>\n<\/div>\n\n\n\n<h2 class=\"wp-block-heading has-text-align-center has-text-color has-link-color wp-elements-2b582e4dde3b3f864035db57a077dc48\" style=\"color:#363636\">PLEINS FEUX SUR LA RECHERCHE<\/h2>\n\n\n\n<div class=\"wp-block-columns is-layout-flex wp-container-core-columns-is-layout-9d6595d7 wp-block-columns-is-layout-flex\">\n<div class=\"wp-block-column is-layout-flow wp-block-column-is-layout-flow\">\n<figure class=\"wp-block-image size-full\"><img loading=\"lazy\" decoding=\"async\" width=\"500\" height=\"375\" src=\"https:\/\/bethecureprod.wpenginepowered.com\/wp-content\/uploads\/2023\/12\/CrossCancer2.jpg\" alt=\"\" class=\"wp-image-1861\" srcset=\"https:\/\/bethecure.ca\/wp-content\/uploads\/2023\/12\/CrossCancer2.jpg 500w, https:\/\/bethecure.ca\/wp-content\/uploads\/2023\/12\/CrossCancer2-300x225.jpg 300w\" sizes=\"auto, (max-width: 500px) 100vw, 500px\" \/><\/figure>\n<\/div>\n\n\n\n<div class=\"wp-block-column is-layout-flow wp-block-column-is-layout-flow\">\n<h2 class=\"wp-block-heading has-text-color has-link-color wp-elements-f0f95305d7931c969f38745c16bd8e59\" style=\"color:#0092aa\">\u00c9TUDE SUR LE MY\u00c9LOME MULTIPLE<\/h2>\n\n\n\n<p><strong>\u00ab\u00a0Les patients vivent deux fois plus longtemps qu&rsquo;auparavant.<\/strong><\/p>\n\n\n\n<p>Les chercheurs du Cross Cancer Institute, ainsi que 246 centres de traitement dans le monde, ont d\u00e9couvert que les taux de survie des patients atteints de my\u00e9lome multiple s&rsquo;am\u00e9lioraient lorsque deux m\u00e9dicaments existants \u00e9taient combin\u00e9s. Plus le traitement \u00e9tait long, plus les patients vivaient longtemps.<\/p>\n\n\n\n<p>Le Dr John Mackey, directeur de l&rsquo;unit\u00e9 d&rsquo;essais cliniques de l&rsquo;ICC, d\u00e9clare : \u00ab\u00a0Nous comprenons beaucoup mieux cette maladie qu&rsquo;auparavant&#8230; Les patients vivent deux fois plus longtemps qu&rsquo;avant, et leur qualit\u00e9 de vie s&rsquo;est \u00e9galement beaucoup am\u00e9lior\u00e9e.\u00a0\u00bb<\/p>\n<\/div>\n<\/div>\n<\/div><\/div>\n\n<h2 class=\"wp-block-heading has-text-align-center has-text-color has-link-color wp-elements-ebfd7d2cb242b0a09ea438ebae5e97c0\" style=\"color:#363636\">ESSAIS CLINIQUES SUR LE CANCER EN ALBERTA<\/h2>\n\n<p class=\"has-text-align-center mx-auto\">De nouvelles recherches sur le cancer sont toujours men\u00e9es en Alberta. Vous souhaitez participer ? Consultez la base de donn\u00e9es des essais cliniques sur le cancer en Alberta pour savoir si vous \u00eates admissible \u00e0 participer \u00e0 des \u00e9tudes en cours dans votre r\u00e9gion. La base de donn\u00e9es est mise \u00e0 jour mensuellement pour inclure les derni\u00e8res \u00e9tudes sur le cancer.<\/p>\n\n<div class=\"wp-block-buttons is-content-justification-center is-layout-flex wp-container-core-buttons-is-layout-16018d1d wp-block-buttons-is-layout-flex\">\n<div class=\"wp-block-button is-style-fill\"><a class=\"wp-block-button__link wp-element-button\">Explorer la base de donn\u00e9es<\/a><\/div>\n<\/div>\n\n<div class=\"wp-block-group narrow_width research_block\"><div class=\"wp-block-group__inner-container is-layout-constrained wp-block-group-is-layout-constrained\">\n<div style=\"height:50px\" aria-hidden=\"true\" class=\"wp-block-spacer\"><\/div>\n\n\n\n<h3 class=\"wp-block-heading has-text-align-center\">EN SAVOIR PLUS SUR LA RECHERCHE EN ALBERTA<\/h3>\n\n\n\n<div class=\"wp-block-columns is-layout-flex wp-container-core-columns-is-layout-9d6595d7 wp-block-columns-is-layout-flex\">\n<div class=\"wp-block-column is-layout-flow wp-block-column-is-layout-flow\">\n<div class=\"wp-block-group\"><div class=\"wp-block-group__inner-container is-layout-constrained wp-block-group-is-layout-constrained\"><div class=\"wp-block-image\">\n<figure class=\"aligncenter size-full is-resized\"><a href=\"https:\/\/bethecureprod.wpenginepowered.com\/about\/research\/gastrointestinal-health\/\"><img loading=\"lazy\" decoding=\"async\" width=\"212\" height=\"212\" src=\"https:\/\/bethecureprod.wpenginepowered.com\/wp-content\/uploads\/2023\/12\/GastroIcon.png\" alt=\"\" class=\"wp-image-1835\" style=\"width:auto;height:110px\" srcset=\"https:\/\/bethecure.ca\/wp-content\/uploads\/2023\/12\/GastroIcon.png 212w, https:\/\/bethecure.ca\/wp-content\/uploads\/2023\/12\/GastroIcon-150x150.png 150w\" sizes=\"auto, (max-width: 212px) 100vw, 212px\" \/><\/a><\/figure>\n<\/div>\n\n\n<h4 class=\"wp-block-heading has-text-align-center\"><a href=\"https:\/\/bethecure.ca\/fr\/ab\/a-propos-de\/recherche\/recherche-sur-la-sante-gastro-intestinale\/\" data-type=\"page\" data-id=\"1869\">RECHERCHE SUR LA SANT\u00c9 GASTRO-INTESTINALE<\/a><\/h4>\n<\/div><\/div>\n<\/div>\n\n\n\n<div class=\"wp-block-column is-layout-flow wp-block-column-is-layout-flow\">\n<div class=\"wp-block-group\"><div class=\"wp-block-group__inner-container is-layout-constrained wp-block-group-is-layout-constrained\"><div class=\"wp-block-image\">\n<figure class=\"aligncenter size-full is-resized\"><a href=\"https:\/\/bethecureprod.wpenginepowered.com\/about\/research\/womens-childrens-health\/\"><img loading=\"lazy\" decoding=\"async\" width=\"212\" height=\"212\" src=\"https:\/\/bethecureprod.wpenginepowered.com\/wp-content\/uploads\/2023\/12\/WomenChildrenIcon.png\" alt=\"\" class=\"wp-image-1836\" style=\"width:auto;height:110px\" srcset=\"https:\/\/bethecure.ca\/wp-content\/uploads\/2023\/12\/WomenChildrenIcon.png 212w, https:\/\/bethecure.ca\/wp-content\/uploads\/2023\/12\/WomenChildrenIcon-150x150.png 150w\" sizes=\"auto, (max-width: 212px) 100vw, 212px\" \/><\/a><\/figure>\n<\/div>\n\n\n<h4 class=\"wp-block-heading has-text-align-center\"><a href=\"https:\/\/bethecure.ca\/fr\/ab\/a-propos-de\/recherche\/sante-des-femmes-et-des-enfants\/\" data-type=\"page\" data-id=\"1863\">RECHERCHE SUR LA SANT\u00c9 DES FEMMES ET DES ENFANTS<\/a><\/h4>\n<\/div><\/div>\n<\/div>\n\n\n\n<div class=\"wp-block-column is-layout-flow wp-block-column-is-layout-flow\">\n<div class=\"wp-block-group\"><div class=\"wp-block-group__inner-container is-layout-constrained wp-block-group-is-layout-constrained\"><div class=\"wp-block-image\">\n<figure class=\"aligncenter size-full is-resized\"><a href=\"https:\/\/bethecureprod.wpenginepowered.com\/about\/research\/heart-and-stroke\/\"><img loading=\"lazy\" decoding=\"async\" width=\"212\" height=\"212\" src=\"https:\/\/bethecureprod.wpenginepowered.com\/wp-content\/uploads\/2023\/12\/HeartStrokeIcon.png\" alt=\"\" class=\"wp-image-1833\" style=\"width:auto;height:110px\" srcset=\"https:\/\/bethecure.ca\/wp-content\/uploads\/2023\/12\/HeartStrokeIcon.png 212w, https:\/\/bethecure.ca\/wp-content\/uploads\/2023\/12\/HeartStrokeIcon-150x150.png 150w\" sizes=\"auto, (max-width: 212px) 100vw, 212px\" \/><\/a><\/figure>\n<\/div>\n\n\n<h4 class=\"wp-block-heading has-text-align-center\"><a href=\"https:\/\/bethecure.ca\/fr\/ab\/a-propos-de\/recherche\/coeur-et-accident-vasculaire-cerebral\/\" data-type=\"page\" data-id=\"1871\">RECHERCHE SUR LES MALADIES CARDIAQUES ET LES ACCIDENTS VASCULAIRES C\u00c9R\u00c9BRAUX<\/a><\/h4>\n<\/div><\/div>\n<\/div>\n<\/div>\n<\/div><\/div>\n","protected":false},"excerpt":{"rendered":"<p>INSTALLATIONS DE RECHERCHE CENTRE DE CANC\u00c9ROLOGIE TOM BAKER Le Tom Baker Cancer Centre de Calgary est le centre de canc\u00e9rologie tertiaire du sud de l&rsquo;Alberta et un chef de file en mati\u00e8re de recherche innovante sur le cancer, de pr\u00e9vention, de traitement et d&rsquo;initiatives de soins dans la province et au-del\u00e0. Le centre fournit des [&#8230;]<\/p>\n<p><a class=\"btn btn-secondary understrap-read-more-link\" href=\"https:\/\/bethecure.ca\/fr\/ab\/a-propos-de\/recherche\/cancer\/\">Lire la suite\u2026<span class=\"screen-reader-text\"> from Recherche sur le cancer<\/span><\/a><\/p>\n","protected":false},"author":3,"featured_media":0,"parent":2114,"menu_order":0,"comment_status":"closed","ping_status":"closed","template":"","meta":{"footnotes":""},"class_list":["post-2119","page","type-page","status-publish","hentry"],"acf":[],"_links":{"self":[{"href":"https:\/\/bethecure.ca\/fr\/wp-json\/wp\/v2\/pages\/2119","targetHints":{"allow":["GET"]}}],"collection":[{"href":"https:\/\/bethecure.ca\/fr\/wp-json\/wp\/v2\/pages"}],"about":[{"href":"https:\/\/bethecure.ca\/fr\/wp-json\/wp\/v2\/types\/page"}],"author":[{"embeddable":true,"href":"https:\/\/bethecure.ca\/fr\/wp-json\/wp\/v2\/users\/3"}],"replies":[{"embeddable":true,"href":"https:\/\/bethecure.ca\/fr\/wp-json\/wp\/v2\/comments?post=2119"}],"version-history":[{"count":0,"href":"https:\/\/bethecure.ca\/fr\/wp-json\/wp\/v2\/pages\/2119\/revisions"}],"up":[{"embeddable":true,"href":"https:\/\/bethecure.ca\/fr\/wp-json\/wp\/v2\/pages\/2114"}],"wp:attachment":[{"href":"https:\/\/bethecure.ca\/fr\/wp-json\/wp\/v2\/media?parent=2119"}],"curies":[{"name":"wp","href":"https:\/\/api.w.org\/{rel}","templated":true}]}}