{"id":2120,"date":"2024-01-09T22:36:25","date_gmt":"2024-01-09T22:36:25","guid":{"rendered":"https:\/\/bethecure.ca\/conditions\/"},"modified":"2024-01-19T20:19:35","modified_gmt":"2024-01-19T20:19:35","slug":"conditions","status":"publish","type":"page","link":"https:\/\/bethecure.ca\/fr\/conditions\/","title":{"rendered":"Conditions"},"content":{"rendered":"\n<p>Le site Web<a href=\"https:\/\/bethecure.ca\/fr\/\">(bethecure.ca<\/a>) a \u00e9t\u00e9 cr\u00e9\u00e9 et est g\u00e9r\u00e9 par le Northern Alberta Clinical Trials and Research Centre, une coentreprise entre Alberta Health Services et les gouverneurs de l&rsquo;Universit\u00e9 de l&rsquo;Alberta. Aux fins des pr\u00e9sentes conditions d&rsquo;utilisation, les services de sant\u00e9 de l&rsquo;Alberta et les gouverneurs de l&rsquo;Universit\u00e9 de l&rsquo;Alberta seront collectivement d\u00e9sign\u00e9s sous le nom de \u00ab\u00a0CNACTR\u00a0\u00bb.<\/p>\n\n<p>Les pr\u00e9sentes conditions d&rsquo;utilisation, telles que modifi\u00e9es ou remplac\u00e9es de temps \u00e0 autre (\u00ab\u00a0conditions d&rsquo;utilisation\u00a0\u00bb), constituent un accord juridique entre vous et le CNACTR. L&rsquo;utilisation de ce site web (y compris, mais sans s&rsquo;y limiter, l&rsquo;\u00e9tablissement d&rsquo;un lien vers toute page faisant partie du site web ou la r\u00e9alisation d&rsquo;un bookmaking sur cette page) vous oblige \u00e0 respecter pleinement les pr\u00e9sentes conditions d&rsquo;utilisation. Le CNACTR peut modifier ces conditions d&rsquo;utilisation \u00e0 tout moment. Ces modifications entrent en vigueur d\u00e8s la publication des conditions d&rsquo;utilisation modifi\u00e9es. Il vous incombe de consulter les pr\u00e9sentes conditions d&rsquo;utilisation chaque fois que vous acc\u00e9dez \u00e0 ce site web afin de prendre connaissance de toute modification.<\/p>\n\n<p>En continuant \u00e0 acc\u00e9der \u00e0 ce site web ou \u00e0 l&rsquo;utiliser, vous acceptez d&rsquo;\u00eatre li\u00e9 par toute modification des conditions d&rsquo;utilisation, ainsi que par toutes les lois et r\u00e9glementations applicables. Si vous ne souhaitez pas \u00eatre li\u00e9 par ces conditions d&rsquo;utilisation, vous ne pouvez pas acc\u00e9der \u00e0 ce site web ni l&rsquo;utiliser.<\/p>\n\n<h2 class=\"wp-block-heading\">DROITS D&rsquo;AUTEUR ET MARQUES D\u00c9POS\u00c9ES<\/h2>\n\n<p>L&rsquo;ensemble du contenu et des images contenus dans ou sur ce site web (par exemple, texte, HTML sous-jacent, clips vid\u00e9o ou audio, images et tout autre contenu en ligne) (\u00ab\u00a0contenu\u00a0\u00bb) est prot\u00e9g\u00e9 par les lois nationales et internationales sur les droits d&rsquo;auteur, les marques, les noms commerciaux et autres, ainsi que par d&rsquo;autres droits, sauf indication contraire. Le CNACTR (ou ses affili\u00e9s) est le propri\u00e9taire ou le licenci\u00e9 autoris\u00e9 de la propri\u00e9t\u00e9 intellectuelle contenue dans ce site Web, y compris, mais sans s&rsquo;y limiter, les droits d&rsquo;auteur, les marques de commerce et les appellations commerciales.<\/p>\n\n<p>Vous \u00eates libre d&rsquo;utiliser le contenu \u00e0 des fins personnelles, \u00e9ducatives et non commerciales, \u00e0 condition de ne pas le modifier et de conserver tous les droits d&rsquo;auteur et autres avis de propri\u00e9t\u00e9 contenus dans le contenu. Vous ne pouvez en aucun cas modifier, reformuler, adapter, alt\u00e9rer, ajuster, changer, d\u00e9sassembler, encadrer ou d\u00e9crypter le contenu de ce site web.<\/p>\n\n<p>Il est ill\u00e9gal de copier, reproduire ou distribuer du mat\u00e9riel prot\u00e9g\u00e9 par des droits d&rsquo;auteur ou des marques d\u00e9pos\u00e9es sans l&rsquo;autorisation du propri\u00e9taire l\u00e9gitime. L&rsquo;acc\u00e8s au texte ou aux images fournis sur ce site Web ne conf\u00e8re aucun droit \u00e0 l&rsquo;utilisateur. Seul le titulaire du droit d&rsquo;auteur ou de la marque, ou son repr\u00e9sentant l\u00e9gal, peut vous autoriser \u00e0 copier, distribuer ou afficher publiquement du mat\u00e9riel prot\u00e9g\u00e9.<\/p>\n\n<p>Toute utilisation, reproduction, alt\u00e9ration, modification, repr\u00e9sentation ou affichage public, t\u00e9l\u00e9chargement ou affichage sur Internet, transmission, redistribution ou autre exploitation de ce site Web ou de son contenu ou de ses images, en tout ou en partie, autre que ce qui est express\u00e9ment pr\u00e9vu dans les pr\u00e9sentes conditions d&rsquo;utilisation, est strictement interdite sans l&rsquo;autorisation \u00e9crite expresse du CNACTR.<\/p>\n\n<h2 class=\"wp-block-heading\">UTILISATION DU SITE<\/h2>\n\n<p>Le CNACTR n&rsquo;assume aucune responsabilit\u00e9 pour les dommages li\u00e9s \u00e0 l&rsquo;acc\u00e8s ou \u00e0 l&rsquo;utilisation de ce site Web ou au t\u00e9l\u00e9chargement de donn\u00e9es, de textes, d&rsquo;images, de fichiers ou d&rsquo;autres documents \u00e0 partir du site. Il vous incombe de mettre en \u0153uvre des proc\u00e9dures et des points de contr\u00f4le suffisants pour r\u00e9pondre \u00e0 vos exigences particuli\u00e8res en mati\u00e8re d&rsquo;exactitude de l&rsquo;entr\u00e9e et de la sortie des donn\u00e9es, et de maintenir un moyen externe au site web pour la reconstruction de toute donn\u00e9e perdue.<\/p>\n\n<p>Les informations fournies au CNACTR en vertu de ce site Web seront re\u00e7ues par le CNACTR sur une base non confidentielle. Le CNACTR se r\u00e9serve le droit d&rsquo;utiliser ces informations \u00e0 sa seule discr\u00e9tion et \u00e0 n&rsquo;importe quelle fin. Vous reconnaissez qu&rsquo;en utilisant ce site Web, l&rsquo;information sera transmise sur un support qui \u00e9chappe au contr\u00f4le et \u00e0 la comp\u00e9tence du CNACTR. En cons\u00e9quence, le CNACTR n&rsquo;assume aucune responsabilit\u00e9 en cas de retard, de d\u00e9faillance, d&rsquo;interruption ou de corruption des donn\u00e9es transmises dans le cadre de ce site Web.<\/p>\n\n<p>Dans le cadre de votre utilisation de ce site Web, vous vous engagez \u00e0 ne pas :<\/p>\n\n<ul class=\"wp-block-list\">\n<li>transmettre ou distribuer tout message, information, donn\u00e9e, texte, logiciel ou image, ou tout autre contenu ill\u00e9gal, nuisible, mena\u00e7ant, abusif, harcelant, diffamatoire, vulgaire, obsc\u00e8ne, calomnieux ou autrement r\u00e9pr\u00e9hensible, ou qui pourrait porter atteinte au droit \u00e0 la vie priv\u00e9e ou \u00e0 la publicit\u00e9 d&rsquo;autrui ;<\/li>\n\n\n\n<li>transmettre ou distribuer tout message, information, donn\u00e9e, texte, logiciel ou image, ou tout autre Contenu dont la transmission ou la distribution violerait toute loi ou r\u00e9glementation applicable, ou les droits de tiers ;<\/li>\n\n\n\n<li>usurper l&rsquo;identit\u00e9 d&rsquo;une personne ou d&rsquo;une entit\u00e9, y compris, mais sans s&rsquo;y limiter, le personnel du CCNTR, ou d\u00e9clarer faussement ou pr\u00e9senter de mani\u00e8re erron\u00e9e votre affiliation avec une personne ou une entit\u00e9 ;<\/li>\n\n\n\n<li>publier ou transmettre tout mat\u00e9riel que vous n&rsquo;avez pas le droit de reproduire, d&rsquo;afficher ou de transmettre en vertu d&rsquo;une loi ou de relations contractuelles ou fiduciaires (telles que des accords de non-divulgation) ;<\/li>\n\n\n\n<li>utiliser les fonctions de communication du site web d&rsquo;une mani\u00e8re qui affecte n\u00e9gativement la disponibilit\u00e9 de ses ressources pour les autres utilisateurs (par exemple, crier de mani\u00e8re excessive en utilisant toutes les majuscules, ou \u00ab\u00a0inonder\u00a0\u00bb ou \u00ab\u00a0spammer\u00a0\u00bb en postant continuellement des textes r\u00e9p\u00e9titifs) ;<\/li>\n\n\n\n<li>violer toute loi locale, provinciale, nationale ou internationale applicable ;<\/li>\n\n\n\n<li>manipuler ou afficher autrement le pr\u00e9sent site web en utilisant le cadrage ou une technologie de navigation similaire, ou falsifier ou manipuler toute information, donn\u00e9e ou \u00e9l\u00e9ment d&rsquo;identification afin de d\u00e9guiser l&rsquo;origine de tout contenu du pr\u00e9sent site web ;<\/li>\n\n\n\n<li>acc\u00e9der, t\u00e9l\u00e9charger, copier ou utiliser de toute autre mani\u00e8re toute information sur ce site Web ou sur les serveurs du CNACTR \u00e0 laquelle vous n&rsquo;\u00eates pas autoris\u00e9 \u00e0 acc\u00e9der, \u00e0 t\u00e9l\u00e9charger, \u00e0 copier ou \u00e0 utiliser de toute autre mani\u00e8re ;<\/li>\n\n\n\n<li>perturber, obstruer ou interf\u00e9rer avec ce site Web, les serveurs du CNACTR ou tout autre service en ligne du CNACTR ; ou<\/li>\n\n\n\n<li>d&rsquo;utiliser ou d&rsquo;acc\u00e9der \u00e0 ce site Web ou \u00e0 son contenu de quelque mani\u00e8re que ce soit pour se livrer \u00e0 une activit\u00e9 qui, de l&rsquo;avis exclusif du CNACTR, est r\u00e9pr\u00e9hensible.<\/li>\n<\/ul>\n\n<h2 class=\"wp-block-heading\">EXCLUSION DE GARANTIE<\/h2>\n\n<p>Vous assumez l&rsquo;enti\u00e8re responsabilit\u00e9 et les risques li\u00e9s \u00e0 l&rsquo;utilisation de ce site web et d&rsquo;Internet. Le CNACTR fournit ce site Web et les informations connexes \u00ab\u00a0en l&rsquo;\u00e9tat\u00a0\u00bb et \u00ab\u00a0selon la disponibilit\u00e9\u00a0\u00bb, et le CNACTR, dans toute la mesure permise par la loi, d\u00e9cline toute garantie, expresse ou implicite, l\u00e9gale ou autre. Le CNACTR ne donne aucune garantie, repr\u00e9sentation ou approbation expresse ou implicite (y compris, mais sans s&rsquo;y limiter, les garanties de titre ou d&rsquo;absence de contrefa\u00e7on, ou les garanties implicites de qualit\u00e9 marchande ou d&rsquo;ad\u00e9quation \u00e0 un usage particulier), y compris, mais sans s&rsquo;y limiter, les garanties suivantes :<\/p>\n\n<ul class=\"wp-block-list\">\n<li>que ce site web et son contenu seront exacts, complets, fiables, exempts d&rsquo;erreurs typographiques, appropri\u00e9s ou opportuns ;<\/li>\n\n\n\n<li>que le fonctionnement de ce site Web sera ininterrompu ou exempt d&rsquo;erreurs ;<\/li>\n\n\n\n<li>que tout d\u00e9faut ou erreur dans ou sur ce site Web sera corrig\u00e9 ;<\/li>\n\n\n\n<li>que ce site Web ou toute information, donn\u00e9e, logiciel ou fichier disponible sur ce site Web sera exempt de virus, de vers, de chevaux de Troie ou d&rsquo;autres \u00e9l\u00e9ments nuisibles qui manifestent des propri\u00e9t\u00e9s contaminantes ou destructrices ; ou<\/li>\n\n\n\n<li>que les communications \u00e0 partir de ce site web seront s\u00e9curis\u00e9es ou ne seront pas intercept\u00e9es.<\/li>\n<\/ul>\n\n<p>Il est de votre seule responsabilit\u00e9 d&rsquo;\u00e9valuer l&rsquo;exactitude, l&rsquo;exhaustivit\u00e9 et l&rsquo;utilit\u00e9 de toutes les informations fournies par le biais de ce site web. Vous acc\u00e9dez \u00e0 ces informations \u00e0 vos risques et p\u00e9rils.<\/p>\n\n<p>Le contenu de ce site web est fourni \u00e0 titre d&rsquo;information g\u00e9n\u00e9rale uniquement. Le contenu n&rsquo;est pas destin\u00e9 \u00e0 remplacer les consultations avec votre m\u00e9decin ou \u00e0 fournir un avis m\u00e9dical, un diagnostic ou un traitement.<\/p>\n\n<p>Demandez toujours l&rsquo;avis de votre m\u00e9decin ou d&rsquo;un autre fournisseur de soins de sant\u00e9 qualifi\u00e9 pour toute question personnelle d&rsquo;ordre m\u00e9dical ou sanitaire que vous pourriez avoir. Ne n\u00e9gligez jamais l&rsquo;avis d&rsquo;un professionnel de la sant\u00e9 et ne tardez pas \u00e0 le solliciter en raison de ce que vous avez lu sur ce site web ou sur tout autre site web. Si vous pensez avoir une urgence m\u00e9dicale, appelez imm\u00e9diatement votre m\u00e9decin ou le 911.<\/p>\n\n<p>Les descriptions ou les r\u00e9f\u00e9rences \u00e0 des produits ou \u00e0 des entreprises sur ce site Web n&rsquo;impliquent pas l&rsquo;approbation de ces produits ou entreprises par le CNACTR.<\/p>\n\n<h2 class=\"wp-block-heading\">LIMITATION DE LA RESPONSABILIT\u00c9<\/h2>\n\n<p>Chaque partie constituant le CNACTR et leurs dirigeants, administrateurs, employ\u00e9s, agents, conc\u00e9dants de licence, fournisseurs et tout tiers fournisseur d&rsquo;informations ou de services (les \u00ab\u00a0entit\u00e9s du CNACTR\u00a0\u00bb) ne sont pas responsables de toute perte ou de tout dommage que vous subissez, ou que toute partie r\u00e9clamant par votre interm\u00e9diaire ou sous votre autorit\u00e9, \u00e0 la suite de ou en relation avec l&rsquo;utilisation, la mauvaise utilisation ou l&rsquo;incapacit\u00e9 d&rsquo;utiliser ce site Web, y compris, mais sans s&rsquo;y limiter, les \u00e9l\u00e9ments suivants :<\/p>\n\n<ul class=\"wp-block-list\">\n<li>la performance de l&rsquo;Internet ;<\/li>\n\n\n\n<li>le contenu ou l&rsquo;exactitude de toute information ou donn\u00e9e, y compris tout logiciel visualis\u00e9, t\u00e9l\u00e9charg\u00e9 ou transmis sur ou \u00e0 partir d&rsquo;Internet ;<\/li>\n\n\n\n<li>les pertes ou dommages r\u00e9sultant de la visualisation, du t\u00e9l\u00e9chargement ou de l&rsquo;acquisition par tout autre moyen de tout mat\u00e9riel, produit ou service accessible via Internet, m\u00eame si vous n&rsquo;\u00e9tiez pas conscient qu&rsquo;une telle perte pourrait \u00eatre encourue ;<\/li>\n\n\n\n<li>les pertes ou dommages r\u00e9sultant de retards, de virus informatiques ou de l&rsquo;interruption de ce site web, y compris la suppression ou le d\u00e9faut de stockage des messages, quelle qu&rsquo;en soit la cause ;<\/li>\n\n\n\n<li>la perte ou les dommages caus\u00e9s \u00e0 votre \u00e9quipement, \u00e0 vos installations, \u00e0 vos logiciels ou \u00e0 vos donn\u00e9es \u00e0 la suite d&rsquo;erreurs, d&rsquo;omissions, d&rsquo;interruptions, de retards, d&rsquo;erreurs, de non-livraison, de livraison incorrecte, de virus ou de d\u00e9fauts dans la transmission d&rsquo;informations ou de donn\u00e9es sur l&rsquo;Internet ; et<\/li>\n\n\n\n<li>tout dommage direct, indirect, accessoire, sp\u00e9cial, punitif ou cons\u00e9cutif, y compris, mais sans s&rsquo;y limiter, l&rsquo;interruption des activit\u00e9s ou la perte de donn\u00e9es, de revenus ou de b\u00e9n\u00e9fices r\u00e9sultant de l&rsquo;utilisation de ce site Web ou s&rsquo;y rapportant de quelque mani\u00e8re que ce soit, m\u00eame si les entit\u00e9s du CNACTR ont \u00e9t\u00e9 inform\u00e9es de l&rsquo;\u00e9ventualit\u00e9 de tels dommages.<\/li>\n<\/ul>\n\n<p>Cette limitation s&rsquo;applique quelle que soit la forme de l&rsquo;action, qu&rsquo;elle soit fond\u00e9e sur une garantie, un contrat, un d\u00e9lit ou toute autre th\u00e9orie juridique.<\/p>\n\n<p>Si vous n&rsquo;\u00eates pas satisfait d&rsquo;une partie de ce site web ou des pr\u00e9sentes conditions d&rsquo;utilisation, votre seul et unique recours, sauf disposition contraire express\u00e9ment pr\u00e9vue dans les pr\u00e9sentes, est de cesser d&rsquo;utiliser ce site web ou d&rsquo;y acc\u00e9der.<\/p>\n\n<h2 class=\"wp-block-heading\">INDEMNISATION<\/h2>\n\n<p>Vous acceptez d&rsquo;indemniser, de d\u00e9fendre et de d\u00e9gager de toute responsabilit\u00e9 les entit\u00e9s du CNACTR en cas de demandes, r\u00e9clamations, responsabilit\u00e9s, d\u00e9penses, dommages et co\u00fbts, y compris les frais et d\u00e9bours juridiques (sur la base d&rsquo;un avocat et de son propre client), r\u00e9sultant de ou li\u00e9s \u00e0 :<\/p>\n\n<ul class=\"wp-block-list\">\n<li>toute violation des conditions d&rsquo;utilisation, telles que modifi\u00e9es (y compris tout comportement n\u00e9gligent ou fautif) de votre part ;<\/li>\n\n\n\n<li>toute violation d&rsquo;une loi, d&rsquo;un r\u00e8glement ou d&rsquo;un droit d&rsquo;un tiers par vous en relation avec votre acc\u00e8s \u00e0 ce site Web ou votre utilisation de celui-ci ; et<\/li>\n\n\n\n<li>votre acc\u00e8s \u00e0 ce site web ou votre utilisation de celui-ci.<\/li>\n<\/ul>\n\n<h2 class=\"wp-block-heading\">LIENS<\/h2>\n\n<p>Ce site Web peut fournir des liens vers des sites ou des ressources Internet n&rsquo;appartenant pas au CNACTR pour votre commodit\u00e9 et votre information. Le CNACTR n&rsquo;a aucun contr\u00f4le sur ces sites et ressources, et vous reconnaissez et acceptez que le CNACTR n&rsquo;est pas responsable de la disponibilit\u00e9 de ces sites ou ressources externes, qu&rsquo;il ne les approuve pas, qu&rsquo;il n&rsquo;est pas responsable et qu&rsquo;il ne fait aucune d\u00e9claration, garantie ou condition concernant le contenu, les donn\u00e9es, les informations, la publicit\u00e9, les produits, les soci\u00e9t\u00e9s ou tout autre mat\u00e9riel sur ou disponible \u00e0 partir de ces sites, ressources ou liens vers d&rsquo;autres sites.<\/p>\n\n<p>Il vous incombe de v\u00e9rifier toute information contenue dans les sites li\u00e9s avant de vous y fier. Il est conseill\u00e9 de consulter les conditions d&rsquo;utilisation de ces sites. Vous reconnaissez et acceptez en outre que le CNACTR ne peut \u00eatre tenu responsable, directement ou indirectement, de tout dommage ou perte direct, accessoire, cons\u00e9cutif ou indirect caus\u00e9 (ou suppos\u00e9 caus\u00e9) par ou en relation avec l&rsquo;utilisation ou la confiance accord\u00e9e \u00e0 tout contenu, information, donn\u00e9e, bien ou service disponible sur ou par l&rsquo;interm\u00e9diaire de tout site ou ressource de ce type.<\/p>\n\n<h2 class=\"wp-block-heading\">SURVEILLANCE<\/h2>\n\n<p>Le CNACTR n&rsquo;est pas tenu de surveiller ce site Web et n&rsquo;assume aucune responsabilit\u00e9 quant au contenu modifi\u00e9 sans son consentement.<\/p>\n\n<h2 class=\"wp-block-heading\">NON-ADMISSION<\/h2>\n\n<p>Le non-exercice ou l&rsquo;absence d&rsquo;exercice de tout recours, droit ou pouvoir du ou par le CCNTR et aucun retard ou omission dans cet exercice n&rsquo;\u00e9puisera ces recours, droits ou pouvoirs ou ne sera interpr\u00e9t\u00e9 comme une renonciation \u00e0 l&rsquo;un d&rsquo;entre eux.<\/p>\n\n<h2 class=\"wp-block-heading\">L&rsquo;UTILISATION DES INFORMATIONS<\/h2>\n\n<p>Vous acceptez de ne pas utiliser les informations contenues dans ce site Web ou li\u00e9es \u00e0 ce site Web dans le cadre de r\u00e9clamations, de proc\u00e9dures, de poursuites ou d&rsquo;actions \u00e0 l&rsquo;encontre des entit\u00e9s du CNACTR.<\/p>\n\n<h2 class=\"wp-block-heading\">DROIT APPLICABLE<\/h2>\n\n<p>Les conditions d&rsquo;utilisation sont r\u00e9gies et interpr\u00e9t\u00e9es conform\u00e9ment aux lois de la province de l&rsquo;Alberta et aux lois f\u00e9d\u00e9rales du Canada qui y sont applicables. Vous acceptez que les tribunaux de la province de l&rsquo;Alberta aient la comp\u00e9tence exclusive pour trancher tout litige ou toute r\u00e9clamation concernant les pr\u00e9sentes conditions d&rsquo;utilisation. Si vous acc\u00e9dez \u00e0 ce site web depuis l&rsquo;\u00e9tranger, vous le faites \u00e0 vos risques et p\u00e9rils et il vous incombe de respecter les lois de votre juridiction.<\/p>\n\n<h2 class=\"wp-block-heading\">DIVERS<\/h2>\n\n<p>Les conditions d&rsquo;utilisation repr\u00e9sentent l&rsquo;int\u00e9gralit\u00e9 de l&rsquo;accord entre le CNACTR et vous concernant l&rsquo;utilisation du site Web et de son contenu. Certaines des informations figurant sur ce site Web peuvent contenir des projections ou d&rsquo;autres d\u00e9clarations prospectives concernant des \u00e9v\u00e9nements ou des performances futurs du CNACTR. Nous souhaitons vous avertir que ces d\u00e9clarations ne sont que des pr\u00e9visions et que les \u00e9v\u00e9nements ou r\u00e9sultats r\u00e9els peuvent diff\u00e9rer sensiblement.<\/p>\n","protected":false},"excerpt":{"rendered":"<p>Le site Web(bethecure.ca) a \u00e9t\u00e9 cr\u00e9\u00e9 et est g\u00e9r\u00e9 par le Northern Alberta Clinical Trials and Research Centre, une coentreprise entre Alberta Health Services et les gouverneurs de l&rsquo;Universit\u00e9 de l&rsquo;Alberta. Aux fins des pr\u00e9sentes conditions d&rsquo;utilisation, les services de sant\u00e9 de l&rsquo;Alberta et les gouverneurs de l&rsquo;Universit\u00e9 de l&rsquo;Alberta seront collectivement d\u00e9sign\u00e9s sous le [&#8230;]<\/p>\n<p><a class=\"btn btn-secondary understrap-read-more-link\" href=\"https:\/\/bethecure.ca\/fr\/conditions\/\">Lire la suite\u2026<span class=\"screen-reader-text\"> from Conditions<\/span><\/a><\/p>\n","protected":false},"author":2,"featured_media":0,"parent":0,"menu_order":0,"comment_status":"closed","ping_status":"closed","template":"","meta":{"footnotes":""},"class_list":["post-2120","page","type-page","status-publish","hentry"],"acf":[],"_links":{"self":[{"href":"https:\/\/bethecure.ca\/fr\/wp-json\/wp\/v2\/pages\/2120","targetHints":{"allow":["GET"]}}],"collection":[{"href":"https:\/\/bethecure.ca\/fr\/wp-json\/wp\/v2\/pages"}],"about":[{"href":"https:\/\/bethecure.ca\/fr\/wp-json\/wp\/v2\/types\/page"}],"author":[{"embeddable":true,"href":"https:\/\/bethecure.ca\/fr\/wp-json\/wp\/v2\/users\/2"}],"replies":[{"embeddable":true,"href":"https:\/\/bethecure.ca\/fr\/wp-json\/wp\/v2\/comments?post=2120"}],"version-history":[{"count":0,"href":"https:\/\/bethecure.ca\/fr\/wp-json\/wp\/v2\/pages\/2120\/revisions"}],"wp:attachment":[{"href":"https:\/\/bethecure.ca\/fr\/wp-json\/wp\/v2\/media?parent=2120"}],"curies":[{"name":"wp","href":"https:\/\/api.w.org\/{rel}","templated":true}]}}